{"id":24900,"date":"2020-09-03T23:03:18","date_gmt":"2020-09-03T23:03:18","guid":{"rendered":"https:\/\/elastomeri.click.si\/izdelek\/uncategorized\/elu-120-25\/"},"modified":"2020-09-03T23:03:18","modified_gmt":"2020-09-03T23:03:18","slug":"elu-120-25","status":"publish","type":"product","link":"https:\/\/elastomeri2.click.si\/en\/izdelek\/gumirani-koluti-2\/elu-120-25\/","title":{"rendered":"Elu 120-25"},"content":{"rendered":"<p>Kolut ima jedro iz plo\u010devine, gumiran pa je s 50\u00b15 ShA trdo, belo, gumijasto zmesjo, ki ima zelo dober oprijem.<br \/>\nPrimerni so za monta\u017eo na starej\u0161e, Elu podajalne naprave. Po \u017eelji jih gumiramo tudi z drugo gumijasto zmesjo  (po\u0161ljite povpra\u0161evanje).<\/p>\n","protected":false},"excerpt":{"rendered":"<p><u>Tehni\u010dni podatki (v mm)<\/u>:<\/p>\n<p>D=\u00a0 82<\/p>\n<p>D1= 120<\/p>\n<p>L= 25<\/p>\n<p>L1= 25<\/p>\n<p>\u010c= 16<\/p>\n<p>U= 4 x 6\u00a0\u00a0\u00a0\u00a0\u00a0\u00a0\u00a0\u00a0\u00a0\u00a0\u00a0\u00a0\u00a0\u00a0<\/p>\n<p>TK=<\/p>\n","protected":false},"featured_media":24901,"template":"","meta":{"_acf_changed":false,"inline_featured_image":false},"product_brand":[],"product_cat":[304],"product_tag":[],"class_list":{"0":"post-24900","1":"product","2":"type-product","3":"status-publish","4":"has-post-thumbnail","6":"product_cat-gumirani-koluti-2","7":"pa_enable-1-2","8":"pa_featured-product-328","9":"pa_hide-price-message-please-contact-us-for-price","10":"pa_luknja-mm-notranja-luknja-16mm","12":"first","13":"instock","14":"shipping-taxable","15":"purchasable","16":"product-type-simple"},"acf":[],"_links":{"self":[{"href":"https:\/\/elastomeri2.click.si\/en\/wp-json\/wp\/v2\/product\/24900","targetHints":{"allow":["GET"]}}],"collection":[{"href":"https:\/\/elastomeri2.click.si\/en\/wp-json\/wp\/v2\/product"}],"about":[{"href":"https:\/\/elastomeri2.click.si\/en\/wp-json\/wp\/v2\/types\/product"}],"wp:featuredmedia":[{"embeddable":true,"href":"https:\/\/elastomeri2.click.si\/en\/wp-json\/wp\/v2\/media\/24901"}],"wp:attachment":[{"href":"https:\/\/elastomeri2.click.si\/en\/wp-json\/wp\/v2\/media?parent=24900"}],"wp:term":[{"taxonomy":"product_brand","embeddable":true,"href":"https:\/\/elastomeri2.click.si\/en\/wp-json\/wp\/v2\/product_brand?post=24900"},{"taxonomy":"product_cat","embeddable":true,"href":"https:\/\/elastomeri2.click.si\/en\/wp-json\/wp\/v2\/product_cat?post=24900"},{"taxonomy":"product_tag","embeddable":true,"href":"https:\/\/elastomeri2.click.si\/en\/wp-json\/wp\/v2\/product_tag?post=24900"}],"curies":[{"name":"wp","href":"https:\/\/api.w.org\/{rel}","templated":true}]}}