{"id":24896,"date":"2020-10-31T11:48:35","date_gmt":"2020-10-31T11:48:35","guid":{"rendered":"https:\/\/elastomeri.click.si\/izdelek\/uncategorized\/podajalnik-120-50-2\/"},"modified":"2020-10-31T11:48:35","modified_gmt":"2020-10-31T11:48:35","slug":"podajalnik-120-50-2","status":"publish","type":"product","link":"https:\/\/elastomeri2.click.si\/en\/izdelek\/gumirani-koluti-2\/podajalnik-120-50-2\/","title":{"rendered":"Podajalnik 120-50"},"content":{"rendered":"<p>Podajalno kolo ima aluminijasto jedro, gumirano pa je s 50\u00b15 ShA trdo, belo, gumijasto zmesjo, ki ima zelo dober oprijem in ne pu\u0161\u010da sledi na lesu.<\/p>\n<p>Primerni so za monta\u017eo na razli\u010dne podajalne naprave. Po \u017eelji jih gumiramo tudi z drugo gumijasto zmesjo\u00a0 (po\u0161ljite povpra\u0161evanje).<\/p>\n","protected":false},"excerpt":{"rendered":"<p><u>Tehni\u010dni podatki (v mm)<\/u>:<\/p>\n<p>D=\u00a0 82<\/p>\n<p>D1= 120<\/p>\n<p>L= 50<\/p>\n<p>L1= 50<\/p>\n<p>\u010c= 35<\/p>\n<p>U=<\/p>\n<p>TK= 48<\/p>\n","protected":false},"featured_media":24897,"template":"","meta":{"_acf_changed":false,"inline_featured_image":false},"product_brand":[],"product_cat":[304],"product_tag":[],"class_list":{"0":"post-24896","1":"product","2":"type-product","3":"status-publish","4":"has-post-thumbnail","6":"product_cat-gumirani-koluti-2","7":"pa_enable-1-2","8":"pa_featured-product-328","9":"pa_hide-price-message-please-contact-us-for-price","10":"pa_luknja-mm-notranja-luknja-35mm","12":"first","13":"instock","14":"shipping-taxable","15":"purchasable","16":"product-type-simple"},"acf":[],"_links":{"self":[{"href":"https:\/\/elastomeri2.click.si\/en\/wp-json\/wp\/v2\/product\/24896","targetHints":{"allow":["GET"]}}],"collection":[{"href":"https:\/\/elastomeri2.click.si\/en\/wp-json\/wp\/v2\/product"}],"about":[{"href":"https:\/\/elastomeri2.click.si\/en\/wp-json\/wp\/v2\/types\/product"}],"wp:featuredmedia":[{"embeddable":true,"href":"https:\/\/elastomeri2.click.si\/en\/wp-json\/wp\/v2\/media\/24897"}],"wp:attachment":[{"href":"https:\/\/elastomeri2.click.si\/en\/wp-json\/wp\/v2\/media?parent=24896"}],"wp:term":[{"taxonomy":"product_brand","embeddable":true,"href":"https:\/\/elastomeri2.click.si\/en\/wp-json\/wp\/v2\/product_brand?post=24896"},{"taxonomy":"product_cat","embeddable":true,"href":"https:\/\/elastomeri2.click.si\/en\/wp-json\/wp\/v2\/product_cat?post=24896"},{"taxonomy":"product_tag","embeddable":true,"href":"https:\/\/elastomeri2.click.si\/en\/wp-json\/wp\/v2\/product_tag?post=24896"}],"curies":[{"name":"wp","href":"https:\/\/api.w.org\/{rel}","templated":true}]}}