{"id":24872,"date":"2021-05-19T06:57:21","date_gmt":"2021-05-19T06:57:21","guid":{"rendered":"https:\/\/elastomeri.click.si\/izdelek\/uncategorized\/podajalnik-110-53\/"},"modified":"2021-05-19T06:57:21","modified_gmt":"2021-05-19T06:57:21","slug":"podajalnik-110-53","status":"publish","type":"product","link":"https:\/\/elastomeri2.click.si\/en\/izdelek\/gumirani-koluti-2\/podajalnik-110-53\/","title":{"rendered":"Podajalnik 110-60"},"content":{"rendered":"<p>Podajalno kolo ima aluminijasto jedro, gumirano pa je s 50\u00b15 ShA trdo, belo, gumijasto zmesjo, ki ima zelo dober oprijem in ne pu\u0161\u010da sledi na lesu.<\/p>\n<p>Primerni so za monta\u017eo na razli\u010dne podajalne naprave. Po \u017eelji jih gumiramo tudi z drugo gumijasto zmesjo (po\u0161ljite povpra\u0161evanje)<\/p>\n","protected":false},"excerpt":{"rendered":"<p><u>Tehni\u010dni podatki (v mm)<\/u>:<\/p>\n<p>D=\u00a0 87<\/p>\n<p>D1= 110<\/p>\n<p>L= 60<\/p>\n<p>L1= 60<\/p>\n<p>\u010c= 35<\/p>\n<p>U=<\/p>\n<p>TK= 48<\/p>\n","protected":false},"featured_media":24873,"template":"","meta":{"_acf_changed":false,"inline_featured_image":false},"product_brand":[],"product_cat":[304],"product_tag":[],"class_list":{"0":"post-24872","1":"product","2":"type-product","3":"status-publish","4":"has-post-thumbnail","6":"product_cat-gumirani-koluti-2","7":"pa_featured-product-328","8":"pa_hide-price-message-please-contact-us-for-price","9":"pa_luknja-mm-notranja-luknja-35mm","11":"first","12":"instock","13":"shipping-taxable","14":"purchasable","15":"product-type-simple"},"acf":[],"_links":{"self":[{"href":"https:\/\/elastomeri2.click.si\/en\/wp-json\/wp\/v2\/product\/24872","targetHints":{"allow":["GET"]}}],"collection":[{"href":"https:\/\/elastomeri2.click.si\/en\/wp-json\/wp\/v2\/product"}],"about":[{"href":"https:\/\/elastomeri2.click.si\/en\/wp-json\/wp\/v2\/types\/product"}],"wp:featuredmedia":[{"embeddable":true,"href":"https:\/\/elastomeri2.click.si\/en\/wp-json\/wp\/v2\/media\/24873"}],"wp:attachment":[{"href":"https:\/\/elastomeri2.click.si\/en\/wp-json\/wp\/v2\/media?parent=24872"}],"wp:term":[{"taxonomy":"product_brand","embeddable":true,"href":"https:\/\/elastomeri2.click.si\/en\/wp-json\/wp\/v2\/product_brand?post=24872"},{"taxonomy":"product_cat","embeddable":true,"href":"https:\/\/elastomeri2.click.si\/en\/wp-json\/wp\/v2\/product_cat?post=24872"},{"taxonomy":"product_tag","embeddable":true,"href":"https:\/\/elastomeri2.click.si\/en\/wp-json\/wp\/v2\/product_tag?post=24872"}],"curies":[{"name":"wp","href":"https:\/\/api.w.org\/{rel}","templated":true}]}}