{"id":24868,"date":"2021-05-20T02:25:28","date_gmt":"2021-05-20T02:25:28","guid":{"rendered":"https:\/\/elastomeri.click.si\/izdelek\/uncategorized\/podajalnik-113-50\/"},"modified":"2021-05-20T02:25:28","modified_gmt":"2021-05-20T02:25:28","slug":"podajalnik-113-50","status":"publish","type":"product","link":"https:\/\/elastomeri2.click.si\/en\/izdelek\/gumirani-koluti-2\/podajalnik-113-50\/","title":{"rendered":"Podajalnik 113-50"},"content":{"rendered":"<p>Podajalno kolo ima aluminijasto jedro, gumirano pa je s 50\u00b15 ShA trdo, belo, gumijasto zmesjo, ki ima zelo dober oprijem in ne pu\u0161\u010da sledi na lesu.<\/p>\n<p>Primerni so za monta\u017eo na razli\u010dne podajalne naprave. Po \u017eelji jih gumiramo tudi z drugo gumijasto zmesjo (po\u0161ljite povpra\u0161evanje)<\/p>\n","protected":false},"excerpt":{"rendered":"<p><u>Tehni\u010dni podatki (v mm)<\/u>:<\/p>\n<p>D=\u00a0 82<\/p>\n<p>D1= 113<\/p>\n<p>L= 50<\/p>\n<p>L1= 50<\/p>\n<p>\u010c= 35<\/p>\n<p>U=<\/p>\n<p>TK= 48<\/p>\n","protected":false},"featured_media":24869,"template":"","meta":{"_acf_changed":false,"inline_featured_image":false},"product_brand":[],"product_cat":[304],"product_tag":[],"class_list":{"0":"post-24868","1":"product","2":"type-product","3":"status-publish","4":"has-post-thumbnail","6":"product_cat-gumirani-koluti-2","7":"pa_hide-price-message-please-contact-us-for-price","8":"pa_luknja-mm-notranja-luknja-35mm","10":"first","11":"instock","12":"shipping-taxable","13":"purchasable","14":"product-type-simple"},"acf":[],"_links":{"self":[{"href":"https:\/\/elastomeri2.click.si\/en\/wp-json\/wp\/v2\/product\/24868","targetHints":{"allow":["GET"]}}],"collection":[{"href":"https:\/\/elastomeri2.click.si\/en\/wp-json\/wp\/v2\/product"}],"about":[{"href":"https:\/\/elastomeri2.click.si\/en\/wp-json\/wp\/v2\/types\/product"}],"wp:featuredmedia":[{"embeddable":true,"href":"https:\/\/elastomeri2.click.si\/en\/wp-json\/wp\/v2\/media\/24869"}],"wp:attachment":[{"href":"https:\/\/elastomeri2.click.si\/en\/wp-json\/wp\/v2\/media?parent=24868"}],"wp:term":[{"taxonomy":"product_brand","embeddable":true,"href":"https:\/\/elastomeri2.click.si\/en\/wp-json\/wp\/v2\/product_brand?post=24868"},{"taxonomy":"product_cat","embeddable":true,"href":"https:\/\/elastomeri2.click.si\/en\/wp-json\/wp\/v2\/product_cat?post=24868"},{"taxonomy":"product_tag","embeddable":true,"href":"https:\/\/elastomeri2.click.si\/en\/wp-json\/wp\/v2\/product_tag?post=24868"}],"curies":[{"name":"wp","href":"https:\/\/api.w.org\/{rel}","templated":true}]}}