{"id":24852,"date":"2021-08-20T11:40:15","date_gmt":"2021-08-20T11:40:15","guid":{"rendered":"https:\/\/elastomeri.click.si\/izdelek\/uncategorized\/weinig-140-30-30-3v\/"},"modified":"2021-08-20T11:40:15","modified_gmt":"2021-08-20T11:40:15","slug":"weinig-140-30-30-3v","status":"publish","type":"product","link":"https:\/\/elastomeri2.click.si\/en\/izdelek\/gumirani-koluti-2\/weinig-140-30-30-3v\/","title":{"rendered":"Weinig 140-30-30-3V"},"content":{"rendered":"<p><span style=\"text-decoration: underline;\">Tehni\u010dni podatki (v mm): <\/span><\/p>\n<p>D= 120<\/p>\n<p>D1= 140<\/p>\n<p>L= 34,50<\/p>\n<p>L1= 30<\/p>\n<p>\u010c= 30<\/p>\n<p>U=<\/p>\n<p>TK= 55<\/p>\n","protected":false},"excerpt":{"rendered":"<p>Weinig kolut ima aluminijasto jedro, gumirano pa je s\u00a070\u00b15\u00a0ShA\u00a0trdo,\u00a0rjavo, gumijasto zmesjo, ki ima zelo dober oprijem\u00a0in ne pu\u0161\u010da sledi na lesu.\u00a0Guma je prav tako zelo odporna na obrabo.<\/p>\n<p>Koluti so primerni\u00a0za monta\u017eo na razli\u010dne\u00a0Weinig\u00a0\u0161tiristranke. Po \u017eelji jih gumiramo tudi z drugo gumijasto zmesjo\u00a0\u00a0(po\u0161ljite povpra\u0161evanje).\u00a0<\/p>\n<p>Tak\u0161ne kolute lahko tudi obnovimo (na novo gumiramo), kar je ugodnej\u0161a varianta (po\u0161ljite povpra\u0161evanje)\u00a0<\/p>\n","protected":false},"featured_media":24853,"template":"","meta":{"_acf_changed":false,"inline_featured_image":false},"product_brand":[],"product_cat":[304],"product_tag":[],"class_list":{"0":"post-24852","1":"product","2":"type-product","3":"status-publish","4":"has-post-thumbnail","6":"product_cat-gumirani-koluti-2","7":"pa_hide-price-message-please-contact-us-for-price","8":"pa_luknja-mm-notranja-luknja-30mm","10":"first","11":"instock","12":"shipping-taxable","13":"purchasable","14":"product-type-simple"},"acf":[],"_links":{"self":[{"href":"https:\/\/elastomeri2.click.si\/en\/wp-json\/wp\/v2\/product\/24852","targetHints":{"allow":["GET"]}}],"collection":[{"href":"https:\/\/elastomeri2.click.si\/en\/wp-json\/wp\/v2\/product"}],"about":[{"href":"https:\/\/elastomeri2.click.si\/en\/wp-json\/wp\/v2\/types\/product"}],"wp:featuredmedia":[{"embeddable":true,"href":"https:\/\/elastomeri2.click.si\/en\/wp-json\/wp\/v2\/media\/24853"}],"wp:attachment":[{"href":"https:\/\/elastomeri2.click.si\/en\/wp-json\/wp\/v2\/media?parent=24852"}],"wp:term":[{"taxonomy":"product_brand","embeddable":true,"href":"https:\/\/elastomeri2.click.si\/en\/wp-json\/wp\/v2\/product_brand?post=24852"},{"taxonomy":"product_cat","embeddable":true,"href":"https:\/\/elastomeri2.click.si\/en\/wp-json\/wp\/v2\/product_cat?post=24852"},{"taxonomy":"product_tag","embeddable":true,"href":"https:\/\/elastomeri2.click.si\/en\/wp-json\/wp\/v2\/product_tag?post=24852"}],"curies":[{"name":"wp","href":"https:\/\/api.w.org\/{rel}","templated":true}]}}