{"id":24848,"date":"2021-09-24T04:28:23","date_gmt":"2021-09-24T04:28:23","guid":{"rendered":"https:\/\/elastomeri.click.si\/izdelek\/uncategorized\/scm-120-20-30v\/"},"modified":"2021-09-24T04:28:23","modified_gmt":"2021-09-24T04:28:23","slug":"scm-120-20-30v","status":"publish","type":"product","link":"https:\/\/elastomeri2.click.si\/en\/izdelek\/gumirani-koluti-2\/scm-120-20-30v\/","title":{"rendered":"SCM 120-20-30V"},"content":{"rendered":"<p>SCM kolut ima jekleno jedro, gumirano pa je s\u202f60\u00b15\u202fShA\u202ftrdo,\u202fbelo, gumijasto zmesjo, ki ima zelo dober oprijem\u202fin ne pu\u0161\u010da sledi na lesu.<\/p>\n<p>Koluti so primerni\u202fza monta\u017eo na razli\u010dne\u202fSCM naprave. Po \u017eelji jih gumiramo tudi z drugo gumijasto zmesjo\u202f\u202f(po\u0161ljite povpra\u0161evanje).\u202f\u00a0<\/p>\n<p>Tak\u0161ne kolute lahko tudi obnovimo (na novo gumiramo), kar je ugodnej\u0161a varianta (po\u0161ljite povpra\u0161evanje).<\/p>\n","protected":false},"excerpt":{"rendered":"<p>Tehni\u010dni podatki\u202f(v mm):\u202f<span data-ccp-props=\"{&quot;134233117&quot;:true,&quot;134233118&quot;:true,&quot;201341983&quot;:0,&quot;335559740&quot;:240}\">\u00a0<\/span><\/p>\n<p>D=\u202f\u202f100\u202f<span data-ccp-props=\"{&quot;134233117&quot;:true,&quot;134233118&quot;:true,&quot;201341983&quot;:0,&quot;335559740&quot;:240}\">\u00a0<\/span><\/p>\n<p>D1=\u202f120\u202f<span data-ccp-props=\"{&quot;134233117&quot;:true,&quot;134233118&quot;:true,&quot;201341983&quot;:0,&quot;335559740&quot;:240}\">\u00a0<\/span><\/p>\n<p>L=\u202f20\u202f<span data-ccp-props=\"{&quot;134233117&quot;:true,&quot;134233118&quot;:true,&quot;201341983&quot;:0,&quot;335559740&quot;:240}\">\u00a0<\/span><\/p>\n<p>L1=\u202f20\u202f<span data-ccp-props=\"{&quot;134233117&quot;:true,&quot;134233118&quot;:true,&quot;201341983&quot;:0,&quot;335559740&quot;:240}\">\u00a0<\/span><\/p>\n<p>\u010c=\u202f30\u202f<span data-ccp-props=\"{&quot;134233117&quot;:true,&quot;134233118&quot;:true,&quot;201341983&quot;:0,&quot;335559740&quot;:240}\">\u00a0<\/span><\/p>\n<p>U=\u202f<span data-ccp-props=\"{&quot;134233117&quot;:true,&quot;134233118&quot;:true,&quot;201341983&quot;:0,&quot;335559740&quot;:240}\">\u00a0<\/span><\/p>\n<p>TK=\u202f\u202f<\/p>\n","protected":false},"featured_media":24849,"template":"","meta":{"_acf_changed":false,"inline_featured_image":false},"product_brand":[],"product_cat":[304],"product_tag":[],"class_list":{"0":"post-24848","1":"product","2":"type-product","3":"status-publish","4":"has-post-thumbnail","6":"product_cat-gumirani-koluti-2","7":"pa_hide-price-message-please-contact-us-for-price","8":"pa_luknja-mm-notranja-luknja-30mm","10":"first","11":"instock","12":"shipping-taxable","13":"purchasable","14":"product-type-simple"},"acf":[],"_links":{"self":[{"href":"https:\/\/elastomeri2.click.si\/en\/wp-json\/wp\/v2\/product\/24848","targetHints":{"allow":["GET"]}}],"collection":[{"href":"https:\/\/elastomeri2.click.si\/en\/wp-json\/wp\/v2\/product"}],"about":[{"href":"https:\/\/elastomeri2.click.si\/en\/wp-json\/wp\/v2\/types\/product"}],"wp:featuredmedia":[{"embeddable":true,"href":"https:\/\/elastomeri2.click.si\/en\/wp-json\/wp\/v2\/media\/24849"}],"wp:attachment":[{"href":"https:\/\/elastomeri2.click.si\/en\/wp-json\/wp\/v2\/media?parent=24848"}],"wp:term":[{"taxonomy":"product_brand","embeddable":true,"href":"https:\/\/elastomeri2.click.si\/en\/wp-json\/wp\/v2\/product_brand?post=24848"},{"taxonomy":"product_cat","embeddable":true,"href":"https:\/\/elastomeri2.click.si\/en\/wp-json\/wp\/v2\/product_cat?post=24848"},{"taxonomy":"product_tag","embeddable":true,"href":"https:\/\/elastomeri2.click.si\/en\/wp-json\/wp\/v2\/product_tag?post=24848"}],"curies":[{"name":"wp","href":"https:\/\/api.w.org\/{rel}","templated":true}]}}