{"id":24750,"date":"2025-07-04T13:12:48","date_gmt":"2025-07-04T11:12:48","guid":{"rendered":"https:\/\/elastomeri.click.si\/vracilo-blaga\/"},"modified":"2025-07-04T13:12:48","modified_gmt":"2025-07-04T11:12:48","slug":"vracilo-blaga","status":"publish","type":"page","link":"https:\/\/elastomeri2.click.si\/en\/vracilo-blaga\/","title":{"rendered":"Vra\u010dilo blaga"},"content":{"rendered":"\t\t<div data-elementor-type=\"wp-page\" data-elementor-id=\"24750\" class=\"elementor elementor-24750 elementor-23994\" data-elementor-post-type=\"page\">\n\t\t\t\t<div class=\"elementor-element elementor-element-8cc7eb5 e-flex e-con-boxed e-con e-parent\" data-id=\"8cc7eb5\" data-element_type=\"container\">\n\t\t\t\t\t<div class=\"e-con-inner\">\n\t\t\t\t<div class=\"elementor-element elementor-element-35e5779 elementor-widget elementor-widget-heading\" data-id=\"35e5779\" data-element_type=\"widget\" data-widget_type=\"heading.default\">\n\t\t\t\t\t<h1 class=\"elementor-heading-title elementor-size-default\">Vra\u010dilo blaga<\/h1>\t\t\t\t<\/div>\n\t\t\t\t<div class=\"elementor-element elementor-element-b8cc815 elementor-widget elementor-widget-text-editor\" data-id=\"b8cc815\" data-element_type=\"widget\" data-widget_type=\"text-editor.default\">\n\t\t\t\t\t\t\t\t\t<p>Pri pogodbah sklenjenih prek spletne trgovine, ima kupec pravico, da v 14 dneh podjetju ELASTOMERI d.o.o. sporo\u010di, da odstopa od pogodbe (ni potrebno navesti razlogov). Edini stro\u0161ek, ki bremeni potro\u0161nika v zvezi z odstopom od pogodbe, je neposreden stro\u0161ek vra\u010dila blaga.<\/p><p>Kupec nima pravice do odstopa pri pogodbah za blago:<\/p><ul><li>ki je bilo izdelano po natan\u010dnih navodilih potro\u0161nika (prilagojeno njegovim osebnim potrebam),<\/li><li>ki zaradi svoje narave ni primerno za vra\u010dilo,<\/li><li>ki ima vidne sledi uporabe ali monta\u017ee izdelka (prah, dlake, praske, made\u017ei, umazanija &#8211; higienska opore\u010dnost),<\/li><li>ki je vrnjeno nelo\u010dljivo in pome\u0161ano z drugimi predmeti.<\/li><\/ul><p><br \/>\u010ce je kupec blago \u017ee prejel in od pogodbe odstopi, mora blago nepo\u0161kodovano in v nespremenjeni koli\u010dini vrniti podjetju v 14 dneh po obvestilu podjetja o njegovem odstopu. Blago oz. izdelek naj kupec vrne v originalni nepo\u0161kodovani embala\u017ei v izogib zmanj\u0161anju vra\u010dila kupnine. Kupec naj ob vra\u010dilu v po\u0161iljki prilo\u017ei \u0161e kopijo originalnega ra\u010dun in morebitno drugo pripadajo\u010do dokumentacijo. Embala\u017ea izdelka mora biti nepo\u0161kodovana.<\/p><p>Kupec odgovarja za zmanj\u0161anje vrednosti izdelka, \u010de je zmanj\u0161anje vrednosti posledica ravnanja, ki ni nujno potrebno za ugotovitev narave, lastnosti in delovanja blaga.<\/p><p>Vra\u010dilo pla\u010dil bo podjetje ELASTOMERI d.o.o. opravilo najkasneje v 14 dneh po prejemu odstopa od pogodbe. Podjetje ELASTOMERI d.o.o. si pridr\u017euje pravico zadr\u017eati vra\u010dilo prejetih pla\u010dil do prevzema vrnjenega blaga ali dokler ne predlo\u017eite dokazila, da ste blago poslali nazaj. Prejeto kupnino bo podjetje vrnilo z enakim pla\u010dilnim sredstvom, kot ga je kupec uporabil ob nakupu, razen \u010de ni izrecno zahteval uporabo drugega pla\u010dilnega sredstva.<\/p><p>Rok za uveljavljanje pravice do odstopa od pogodbe te\u010de pri dobavi blaga od dneva, ko je kupec sprejel blago, pri opravljanju storitev pa z dnem sklenitve pogodbe ali z dnem, ko je podjetje izpolnilo to obveznost.<\/p><p>Odstop od pogodbe kupec uresni\u010di tako, da po\u0161lje nedvoumno izjavo o odstopu od pogodbe preko elektronske po\u0161te na\u00a0<span style=\"text-decoration: underline;\"><a href=\"mailto:info@elastomeri.si\">info@elastomeri.si<\/a>.<\/span> \u0160teje se, da je kupec podal odstopno izjavo pravo\u010dasno, \u010de jo po\u0161lje v roku, dolo\u010denem za odstop od pogodbe.<\/p><p>Naslov za vra\u010dilo blaga po po\u0161ti:<\/p><p>Elastomeri d.o.o. Celje<br \/>Be\u017eigrajska cesta 4<br \/>3000 Celje<\/p>\t\t\t\t\t\t\t\t<\/div>\n\t\t\t\t\t<\/div>\n\t\t\t\t<\/div>\n\t\t\t\t<\/div>\n\t\t","protected":false},"excerpt":{"rendered":"<p>Vra\u010dilo blaga Pri pogodbah sklenjenih prek spletne trgovine, ima kupec pravico, da v 14 dneh podjetju ELASTOMERI d.o.o. sporo\u010di, da odstopa od pogodbe (ni potrebno navesti razlogov). Edini stro\u0161ek, ki bremeni potro\u0161nika v zvezi z odstopom od pogodbe, je neposreden stro\u0161ek vra\u010dila blaga. Kupec nima pravice do odstopa pri pogodbah za blago: ki je bilo [&hellip;]<\/p>\n","protected":false},"author":1,"featured_media":0,"parent":0,"menu_order":0,"comment_status":"closed","ping_status":"closed","template":"","meta":{"_acf_changed":false,"inline_featured_image":false,"footnotes":""},"class_list":["post-24750","page","type-page","status-publish","hentry"],"acf":[],"_links":{"self":[{"href":"https:\/\/elastomeri2.click.si\/en\/wp-json\/wp\/v2\/pages\/24750","targetHints":{"allow":["GET"]}}],"collection":[{"href":"https:\/\/elastomeri2.click.si\/en\/wp-json\/wp\/v2\/pages"}],"about":[{"href":"https:\/\/elastomeri2.click.si\/en\/wp-json\/wp\/v2\/types\/page"}],"author":[{"embeddable":true,"href":"https:\/\/elastomeri2.click.si\/en\/wp-json\/wp\/v2\/users\/1"}],"replies":[{"embeddable":true,"href":"https:\/\/elastomeri2.click.si\/en\/wp-json\/wp\/v2\/comments?post=24750"}],"version-history":[{"count":0,"href":"https:\/\/elastomeri2.click.si\/en\/wp-json\/wp\/v2\/pages\/24750\/revisions"}],"wp:attachment":[{"href":"https:\/\/elastomeri2.click.si\/en\/wp-json\/wp\/v2\/media?parent=24750"}],"curies":[{"name":"wp","href":"https:\/\/api.w.org\/{rel}","templated":true}]}}