{"id":24748,"date":"2025-07-04T13:12:35","date_gmt":"2025-07-04T11:12:35","guid":{"rendered":"https:\/\/elastomeri.click.si\/nacin-placila\/"},"modified":"2025-07-04T13:12:35","modified_gmt":"2025-07-04T11:12:35","slug":"nacin-placila","status":"publish","type":"page","link":"https:\/\/elastomeri2.click.si\/en\/nacin-placila\/","title":{"rendered":"Na\u010din pla\u010dila"},"content":{"rendered":"\t\t<div data-elementor-type=\"wp-page\" data-elementor-id=\"24748\" class=\"elementor elementor-24748 elementor-23992\" data-elementor-post-type=\"page\">\n\t\t\t\t<div class=\"elementor-element elementor-element-6ca7b9f e-flex e-con-boxed e-con e-parent\" data-id=\"6ca7b9f\" data-element_type=\"container\">\n\t\t\t\t\t<div class=\"e-con-inner\">\n\t\t\t\t<div class=\"elementor-element elementor-element-9b79f9c elementor-widget elementor-widget-heading\" data-id=\"9b79f9c\" data-element_type=\"widget\" data-widget_type=\"heading.default\">\n\t\t\t\t\t<h1 class=\"elementor-heading-title elementor-size-default\">Na\u010din pla\u010dila<\/h1>\t\t\t\t<\/div>\n\t\t\t\t<div class=\"elementor-element elementor-element-9736f20 elementor-widget elementor-widget-text-editor\" data-id=\"9736f20\" data-element_type=\"widget\" data-widget_type=\"text-editor.default\">\n\t\t\t\t\t\t\t\t\t<p>Kupec lahko izbira med naslednjimi na\u010dina pla\u010dila:<\/p><ul><li>pla\u010dilo s storitvijo PayPal (klik na moder gumb z napisom \u00bbPay with PayPal\u00ab, pojavi se okno, kamor je potrebno vpisati uporabni\u0161ko ime ter geslo PayPal ra\u010duna);<\/li><li>z ban\u010dnim nakazilom oz. pla\u010dilo po predra\u010dunu (po zaklju\u010dku naro\u010dila kupec prek elektronske po\u0161te prejme potrditev naro\u010dila ter podatke za pla\u010dilo. Pod sklic kupec vpi\u0161e \u0161tevilko naro\u010dila. Naro\u010dilo je potrebno pla\u010dati najkasneje v treh (3) dneh od prejema elektronske po\u0161te s podatki o pla\u010dilu. V nasprotnem primeru bo podjetje ELASTOMERI d.o.o. kup\u010devo naro\u010dilo preklicalo. Rok za pripravo naro\u010dila za\u010dne te\u010di, ko ELASTOMERI d.o.o. prejme nakazilo na teko\u010di ra\u010dun.)<\/li><li>pla\u010dilo z neposredno bremenitvijo kreditne kartice (Visa, MasterCard, Maestro, AmericanExpress);<\/li><\/ul><p><br \/>Nakupovanje s pla\u010dilnimi karticami na spletni trgovini podjetja ELASTOMERI d.o.o. je popolnoma varno. Zagotovljeni so ukrepi, ki so skladni z nacionalno in evropsko zakonodajo, ki ureja pla\u010dilne storitve. Ukrepi so namenjeni zmanj\u0161evanju prevar pri spletnih pla\u010dilih.<\/p>\t\t\t\t\t\t\t\t<\/div>\n\t\t\t\t\t<\/div>\n\t\t\t\t<\/div>\n\t\t\t\t<\/div>\n\t\t","protected":false},"excerpt":{"rendered":"<p>Na\u010din pla\u010dila Kupec lahko izbira med naslednjimi na\u010dina pla\u010dila: pla\u010dilo s storitvijo PayPal (klik na moder gumb z napisom \u00bbPay with PayPal\u00ab, pojavi se okno, kamor je potrebno vpisati uporabni\u0161ko ime ter geslo PayPal ra\u010duna); z ban\u010dnim nakazilom oz. pla\u010dilo po predra\u010dunu (po zaklju\u010dku naro\u010dila kupec prek elektronske po\u0161te prejme potrditev naro\u010dila ter podatke za [&hellip;]<\/p>\n","protected":false},"author":1,"featured_media":0,"parent":0,"menu_order":0,"comment_status":"closed","ping_status":"closed","template":"","meta":{"_acf_changed":false,"inline_featured_image":false,"footnotes":""},"class_list":["post-24748","page","type-page","status-publish","hentry"],"acf":[],"_links":{"self":[{"href":"https:\/\/elastomeri2.click.si\/en\/wp-json\/wp\/v2\/pages\/24748","targetHints":{"allow":["GET"]}}],"collection":[{"href":"https:\/\/elastomeri2.click.si\/en\/wp-json\/wp\/v2\/pages"}],"about":[{"href":"https:\/\/elastomeri2.click.si\/en\/wp-json\/wp\/v2\/types\/page"}],"author":[{"embeddable":true,"href":"https:\/\/elastomeri2.click.si\/en\/wp-json\/wp\/v2\/users\/1"}],"replies":[{"embeddable":true,"href":"https:\/\/elastomeri2.click.si\/en\/wp-json\/wp\/v2\/comments?post=24748"}],"version-history":[{"count":0,"href":"https:\/\/elastomeri2.click.si\/en\/wp-json\/wp\/v2\/pages\/24748\/revisions"}],"wp:attachment":[{"href":"https:\/\/elastomeri2.click.si\/en\/wp-json\/wp\/v2\/media?parent=24748"}],"curies":[{"name":"wp","href":"https:\/\/api.w.org\/{rel}","templated":true}]}}