{"id":24746,"date":"2025-07-04T13:12:23","date_gmt":"2025-07-04T11:12:23","guid":{"rendered":"https:\/\/elastomeri.click.si\/dostava\/"},"modified":"2025-07-04T13:12:23","modified_gmt":"2025-07-04T11:12:23","slug":"dostava","status":"publish","type":"page","link":"https:\/\/elastomeri2.click.si\/en\/dostava\/","title":{"rendered":"Dostava"},"content":{"rendered":"\t\t<div data-elementor-type=\"wp-page\" data-elementor-id=\"24746\" class=\"elementor elementor-24746 elementor-23990\" data-elementor-post-type=\"page\">\n\t\t\t\t<div class=\"elementor-element elementor-element-2faa364 e-flex e-con-boxed e-con e-parent\" data-id=\"2faa364\" data-element_type=\"container\">\n\t\t\t\t\t<div class=\"e-con-inner\">\n\t\t\t\t<div class=\"elementor-element elementor-element-3114f14 elementor-widget elementor-widget-heading\" data-id=\"3114f14\" data-element_type=\"widget\" data-widget_type=\"heading.default\">\n\t\t\t\t\t<h1 class=\"elementor-heading-title elementor-size-default\">Dostava<\/h1>\t\t\t\t<\/div>\n\t\t\t\t<div class=\"elementor-element elementor-element-b1d706e elementor-widget elementor-widget-text-editor\" data-id=\"b1d706e\" data-element_type=\"widget\" data-widget_type=\"text-editor.default\">\n\t\t\t\t\t\t\t\t\t<p>Podjetje ELASTOMERI d.o.o. si prizadeva za najhitrej\u0161o mo\u017eno dostavo naro\u010denega blaga na obmo\u010dju Republike Slovenije. Dostavo izvaja v sodelovanju s Po\u0161to Slovenije, DPD, DHL ali GLS.<\/p><p>Dobavni rok je naveden ob vsakem posameznem izdelku posebej in za\u010dne te\u010di naslednji delovni dan po potrditvi naro\u010dila. Sobote, nedelje in prazniki se ne \u0161tejejo v \u010das dobave. Podjetje ELASTOMERI d.o.o. si pridr\u017euje pravico do dobave delnih po\u0161iljk.<\/p><p>V primeru, da podjetje ELASTOMERI d.o.o. zaradi nepredvidljivih okoli\u0161\u010din (izrednih vremenskih okoli\u0161\u010din, zamude po\u0161tnih storitev, zamude zaradi posledic nalezljive bolezni Covid-19, in podobno) naro\u010denih izdelkov ne bo moglo dobaviti v predvidenem dobavnem roku, bo kupca o tem obvestilo preko elektronske po\u0161te ali telefona ter mu ponudilo nov dobavni rok. Kupec ima v tem primeru pravico do brezpla\u010dnega odstopa od pogodbe.<\/p>\t\t\t\t\t\t\t\t<\/div>\n\t\t\t\t\t<\/div>\n\t\t\t\t<\/div>\n\t\t\t\t<\/div>\n\t\t","protected":false},"excerpt":{"rendered":"<p>Dostava Podjetje ELASTOMERI d.o.o. si prizadeva za najhitrej\u0161o mo\u017eno dostavo naro\u010denega blaga na obmo\u010dju Republike Slovenije. Dostavo izvaja v sodelovanju s Po\u0161to Slovenije, DPD, DHL ali GLS. Dobavni rok je naveden ob vsakem posameznem izdelku posebej in za\u010dne te\u010di naslednji delovni dan po potrditvi naro\u010dila. Sobote, nedelje in prazniki se ne \u0161tejejo v \u010das dobave. [&hellip;]<\/p>\n","protected":false},"author":1,"featured_media":0,"parent":0,"menu_order":0,"comment_status":"closed","ping_status":"closed","template":"","meta":{"_acf_changed":false,"inline_featured_image":false,"footnotes":""},"class_list":["post-24746","page","type-page","status-publish","hentry"],"acf":[],"_links":{"self":[{"href":"https:\/\/elastomeri2.click.si\/en\/wp-json\/wp\/v2\/pages\/24746","targetHints":{"allow":["GET"]}}],"collection":[{"href":"https:\/\/elastomeri2.click.si\/en\/wp-json\/wp\/v2\/pages"}],"about":[{"href":"https:\/\/elastomeri2.click.si\/en\/wp-json\/wp\/v2\/types\/page"}],"author":[{"embeddable":true,"href":"https:\/\/elastomeri2.click.si\/en\/wp-json\/wp\/v2\/users\/1"}],"replies":[{"embeddable":true,"href":"https:\/\/elastomeri2.click.si\/en\/wp-json\/wp\/v2\/comments?post=24746"}],"version-history":[{"count":0,"href":"https:\/\/elastomeri2.click.si\/en\/wp-json\/wp\/v2\/pages\/24746\/revisions"}],"wp:attachment":[{"href":"https:\/\/elastomeri2.click.si\/en\/wp-json\/wp\/v2\/media?parent=24746"}],"curies":[{"name":"wp","href":"https:\/\/api.w.org\/{rel}","templated":true}]}}