{"id":24740,"date":"2025-07-03T11:31:15","date_gmt":"2025-07-03T09:31:15","guid":{"rendered":"https:\/\/elastomeri.click.si\/kontakt\/"},"modified":"2025-07-03T11:31:15","modified_gmt":"2025-07-03T09:31:15","slug":"kontakt","status":"publish","type":"page","link":"https:\/\/elastomeri2.click.si\/en\/kontakt\/","title":{"rendered":"Kontakt"},"content":{"rendered":"\t\t<div data-elementor-type=\"wp-page\" data-elementor-id=\"24740\" class=\"elementor elementor-24740 elementor-23560\" data-elementor-post-type=\"page\">\n\t\t\t\t<div class=\"elementor-element elementor-element-0da6610 e-flex e-con-boxed e-con e-parent\" data-id=\"0da6610\" data-element_type=\"container\">\n\t\t\t\t\t<div class=\"e-con-inner\">\n\t\t\t\t<div class=\"elementor-element elementor-element-5a3a403 elementor-widget__width-initial elementor-widget elementor-widget-text-editor\" data-id=\"5a3a403\" data-element_type=\"widget\" data-widget_type=\"text-editor.default\">\n\t\t\t\t\t\t\t\t\t<p>Z na\u0161im znanjem in izku\u0161njami vam bomo znali svetovati in vam pomagali pri va\u0161i odlo\u010ditvi.\u00a0<\/p>\t\t\t\t\t\t\t\t<\/div>\n\t\t\t\t\t<\/div>\n\t\t\t\t<\/div>\n\t\t<div class=\"elementor-element elementor-element-1ed3e5b e-flex e-con-boxed e-con e-parent\" data-id=\"1ed3e5b\" data-element_type=\"container\">\n\t\t\t\t\t<div class=\"e-con-inner\">\n\t\t<div class=\"elementor-element elementor-element-4c348b8 e-con-full e-flex e-con e-child\" data-id=\"4c348b8\" data-element_type=\"container\">\n\t\t\t\t<div class=\"elementor-element elementor-element-5dd6bf5 elementor-widget elementor-widget-image\" data-id=\"5dd6bf5\" data-element_type=\"widget\" data-widget_type=\"image.default\">\n\t\t\t\t\t\t\t\t\t\t\t\t\t\t\t<img fetchpriority=\"high\" decoding=\"async\" width=\"800\" height=\"613\" src=\"https:\/\/elastomeri2.click.si\/wp-content\/uploads\/2025\/07\/fp-background.png\" class=\"attachment-large size-large wp-image-22983\" alt=\"\" srcset=\"https:\/\/elastomeri2.click.si\/wp-content\/uploads\/2025\/07\/fp-background.png 862w, https:\/\/elastomeri2.click.si\/wp-content\/uploads\/2025\/07\/fp-background-600x459.png 600w, https:\/\/elastomeri2.click.si\/wp-content\/uploads\/2025\/07\/fp-background-300x230.png 300w, https:\/\/elastomeri2.click.si\/wp-content\/uploads\/2025\/07\/fp-background-768x588.png 768w\" sizes=\"(max-width: 800px) 100vw, 800px\" \/>\t\t\t\t\t\t\t\t\t\t\t\t\t\t\t<\/div>\n\t\t\t\t<\/div>\n\t\t<div class=\"elementor-element elementor-element-5f02d81 e-con-full e-flex e-con e-child\" data-id=\"5f02d81\" data-element_type=\"container\">\n\t\t\t\t<div class=\"elementor-element elementor-element-3b58d95 elementor-widget elementor-widget-heading\" data-id=\"3b58d95\" data-element_type=\"widget\" data-widget_type=\"heading.default\">\n\t\t\t\t\t<div class=\"elementor-heading-title elementor-size-default\">Imate vpra\u0161anja?<\/div>\t\t\t\t<\/div>\n\t\t\t\t<div class=\"elementor-element elementor-element-ea66644 elementor-widget elementor-widget-heading\" data-id=\"ea66644\" data-element_type=\"widget\" data-widget_type=\"heading.default\">\n\t\t\t\t\t<h2 class=\"elementor-heading-title elementor-size-default\">Pi\u0161ite nam!<\/h2>\t\t\t\t<\/div>\n\t\t\t\t<div class=\"elementor-element elementor-element-bea4cbf elementor-widget elementor-widget-shortcode\" data-id=\"bea4cbf\" data-element_type=\"widget\" data-widget_type=\"shortcode.default\">\n\t\t\t\t\t\t\t<div class=\"elementor-shortcode\"><div class=\"forminator-ui forminator-custom-form forminator-custom-form-23947 forminator-design--default forminator-custom forminator_ajax\" data-forminator-render=\"0\" data-form=\"forminator-module-23947\" data-uid=\"69d52437ce80d\"><br\/><\/div><form\n\t\t\t\tid=\"forminator-module-23947\"\n\t\t\t\tclass=\"forminator-ui forminator-custom-form forminator-custom-form-23947 forminator-design--default forminator-custom forminator_ajax\"\n\t\t\t\tmethod=\"post\"\n\t\t\t\tdata-forminator-render=\"0\"\n\t\t\t\tdata-form-id=\"23947\"\n\t\t\t\t\n\t\t\t\tdata-design=\"default\"\n\t\t\t\t\n\t\t\t\t\n\t\t\t\t\n\t\t\t\tdata-grid=\"custom\"\n\t\t\t\t\n\t\t\t\t\n\t\t\t\tstyle=\"display: none;\"\n\t\t\t\t\n\t\t\t\tdata-uid=\"69d52437ce80d\"\n\t\t\t><div role=\"alert\" aria-live=\"polite\" class=\"forminator-response-message forminator-error\" aria-hidden=\"true\"><\/div><div class=\"forminator-row\"><div id=\"name-1\" class=\"forminator-field-name forminator-col forminator-col-12 \"><div class=\"forminator-field\"><label for=\"forminator-field-name-1_69d52437ce80d\" id=\"forminator-field-name-1_69d52437ce80d-label\" class=\"forminator-label\">Ime in priimek <span class=\"forminator-required\">*<\/span><\/label><input type=\"text\" name=\"name-1\" value=\"\" placeholder=\"Ime in priimek\" id=\"forminator-field-name-1_69d52437ce80d\" class=\"forminator-input forminator-name--field\" aria-required=\"true\" \/><\/div><\/div><\/div><div class=\"forminator-row\"><div id=\"email-1\" class=\"forminator-field-email forminator-col forminator-col-12 \"><div class=\"forminator-field\"><label for=\"forminator-field-email-1_69d52437ce80d\" id=\"forminator-field-email-1_69d52437ce80d-label\" class=\"forminator-label\">E-mail <span class=\"forminator-required\">*<\/span><\/label><input type=\"email\" name=\"email-1\" value=\"\" placeholder=\"E-mail\" id=\"forminator-field-email-1_69d52437ce80d\" class=\"forminator-input forminator-email--field\" data-required=\"true\" aria-required=\"true\" \/><\/div><\/div><\/div><div class=\"forminator-row\"><div id=\"phone-1\" class=\"forminator-field-phone forminator-col forminator-col-12 \"><div class=\"forminator-field\"><label for=\"forminator-field-phone-1_69d52437ce80d\" id=\"forminator-field-phone-1_69d52437ce80d-label\" class=\"forminator-label\">Telefon<\/label><input type=\"text\" name=\"phone-1\" value=\"\" placeholder=\"Telefon\" id=\"forminator-field-phone-1_69d52437ce80d\" class=\"forminator-input forminator-field--phone\" data-required=\"\" aria-required=\"false\" autocomplete=\"off\" \/><\/div><\/div><\/div><div class=\"forminator-row\"><div id=\"textarea-1\" class=\"forminator-field-textarea forminator-col forminator-col-12 \"><div class=\"forminator-field\"><label for=\"forminator-field-textarea-1_69d52437ce80d\" id=\"forminator-field-textarea-1_69d52437ce80d-label\" class=\"forminator-label\">Sporo\u010dilo <span class=\"forminator-required\">*<\/span><\/label><span id=\"forminator-field-textarea-1_69d52437ce80d-description\" class=\"forminator-description\"><span data-limit=\"180\" data-type=\"characters\" data-editor=\"\">0 \/ 180<\/span><\/span><textarea name=\"textarea-1\" placeholder=\"Sporo\u010dilo\" id=\"forminator-field-textarea-1_69d52437ce80d\" class=\"forminator-textarea\" rows=\"6\" style=\"min-height:140px;\" maxlength=\"180\" ><\/textarea><\/div><\/div><\/div><div class=\"forminator-row\"><div id=\"consent-1\" class=\"forminator-field-consent forminator-col forminator-col-12 \"><div class=\"forminator-field\"><label for=\"forminator-field-consent-1_69d52437ce80d\" id=\"forminator-field-consent-1_69d52437ce80d-label\" class=\"forminator-label\">Soglasje <span class=\"forminator-required\">*<\/span><\/label><div class=\"forminator-checkbox__wrapper\"><label id=\"forminator-field-consent-1_69d52437ce80d__label\" class=\"forminator-checkbox forminator-consent\" aria-labelledby=\"forminator-field-consent-1_69d52437ce80d-label\" aria-hidden=\"true\"><input type=\"checkbox\" name=\"consent-1\" id=\"forminator-field-consent-1_69d52437ce80d\" value=\"checked\" aria-labelledby=\"forminator-field-consent-1_69d52437ce80d-label\" aria-describedby=\"forminator-field-consent-1_69d52437ce80d__description\" data-required=\"true\" aria-required=\"true\" \/><span class=\"forminator-checkbox-box\" aria-hidden=\"true\"><\/span><\/label><div id=\"forminator-field-consent-1_69d52437ce80d__description\" class=\"forminator-checkbox__label forminator-consent__label\"><p>Strinjam se s <a rel=\"noopener\" target=\"_blank\" href=\"#\">politiko zasebnosti<\/a>&nbsp;<\/p><\/div><\/div><\/div><\/div><\/div><input type=\"hidden\" name=\"referer_url\" value=\"\" \/><div class=\"forminator-row forminator-row-last\"><div class=\"forminator-col\"><div class=\"forminator-field\"><button class=\"forminator-button forminator-button-submit\">Po&scaron;lji sporo\u010dilo<\/button><\/div><\/div><\/div><input type=\"hidden\" id=\"forminator_nonce\" name=\"forminator_nonce\" value=\"1e5572ce1c\" \/><input type=\"hidden\" name=\"_wp_http_referer\" value=\"\/en\/wp-json\/wp\/v2\/pages\/24740\" \/><input type=\"hidden\" name=\"form_id\" value=\"23947\"><input type=\"hidden\" name=\"page_id\" value=\"24740\"><input type=\"hidden\" name=\"form_type\" value=\"default\"><input type=\"hidden\" name=\"current_url\" value=\"https:\/\/elastomeri2.click.si\/en\/kontakt\/\"><input type=\"hidden\" name=\"render_id\" value=\"0\"><input type=\"hidden\" name=\"action\" value=\"forminator_submit_form_custom-forms\"><\/form><\/div>\n\t\t\t\t\t\t<\/div>\n\t\t\t\t<\/div>\n\t\t\t\t\t<\/div>\n\t\t\t\t<\/div>\n\t\t<div class=\"elementor-element elementor-element-415bf52 e-flex e-con-boxed e-con e-parent\" data-id=\"415bf52\" data-element_type=\"container\">\n\t\t\t\t\t<div class=\"e-con-inner\">\n\t\t<div class=\"elementor-element elementor-element-a97d232 e-con-full e-flex e-con e-child\" data-id=\"a97d232\" data-element_type=\"container\">\n\t\t\t\t<div class=\"elementor-element elementor-element-a79a33e elementor-widget elementor-widget-heading\" data-id=\"a79a33e\" data-element_type=\"widget\" data-widget_type=\"heading.default\">\n\t\t\t\t\t<h2 class=\"elementor-heading-title elementor-size-default\">Podatki o podjetju<\/h2>\t\t\t\t<\/div>\n\t\t\t\t<div class=\"elementor-element elementor-element-daa7565 elementor-widget elementor-widget-text-editor\" data-id=\"daa7565\" data-element_type=\"widget\" data-widget_type=\"text-editor.default\">\n\t\t\t\t\t\t\t\t\t<p><strong>Elastomeri d.o.o.<\/strong><br \/>Be\u017eigrajska 4 3000 Celje<\/p><p><strong>TELEFON:<\/strong>\u00a0<span style=\"text-decoration: underline;\"><a href=\"tel:+386 3 428 28 28\">+386 3 428 28 28<\/a><\/span><br \/><strong>E-NASLOV:<\/strong>\u00a0<a href=\"mailto:info@elastomeri.si\"><span style=\"text-decoration: underline;\">info@elastomeri.si<\/span><\/a><\/p><p><strong>DELOVNI \u010cAS<\/strong>\u2028<br \/>Pon-\u010det: 7:00 &#8211; 16:30\u2028<br \/>Pet: 7:00 &#8211; 15:00<\/p><p>ID za DDV: SI 56 652 046 (dav\u010dni zavezanci)\u2028<br \/>TRR: SI56 0400 1004 8969 566<br \/>Mati\u010dna \u0161tevilka: 1895044000<\/p>\t\t\t\t\t\t\t\t<\/div>\n\t\t\t\t<\/div>\n\t\t<div class=\"elementor-element elementor-element-d70e1e7 e-con-full e-flex e-con e-child\" data-id=\"d70e1e7\" data-element_type=\"container\">\n\t\t\t\t<div class=\"elementor-element elementor-element-4bbb265 elementor-widget elementor-widget-premium-addon-maps\" data-id=\"4bbb265\" data-element_type=\"widget\" data-widget_type=\"premium-addon-maps.default\">\n\t\t\t\t\t\r\n\t<div class=\"premium-maps-container\" id=\"premium-maps-container\">\r\n\r\n\t\t\r\n\t\t\t<div class=\"premium_maps_map_height premium-addons__v-hidden\" data-settings=\"{&quot;mapId&quot;:&quot;&quot;,&quot;zoom&quot;:16,&quot;maptype&quot;:&quot;roadmap&quot;,&quot;streetViewControl&quot;:false,&quot;centerlat&quot;:&quot;46.2386389&quot;,&quot;centerlong&quot;:&quot;15.2459252&quot;,&quot;scrollwheel&quot;:false,&quot;fullScreen&quot;:false,&quot;zoomControl&quot;:false,&quot;typeControl&quot;:false,&quot;automaticOpen&quot;:false,&quot;hoverOpen&quot;:false,&quot;hoverClose&quot;:false,&quot;cluster&quot;:false,&quot;cluster_icon&quot;:&quot;&quot;,&quot;cluster_icon_size&quot;:&quot;&quot;,&quot;drag&quot;:&quot;&quot;,&quot;loadScroll&quot;:&quot;&quot;,&quot;linkedCarouselId&quot;:&quot;&quot;}\" data-style=\"\">\r\n\t\t\t\t\r\n\t\t\t<div class=\"premium-pin elementor-invisible\" data-lng=\"15.2459252\" data-lat=\"46.2386389\" data-icon=\"https:\/\/elastomeri2.click.si\/wp-content\/uploads\/2025\/07\/map-pin.svg\" data-icon-size=\"50\" data-max-width=\"1000\" data-activated=\"\">\r\n\t\t\t\t\t\t\t\t\t<div class='premium-maps-info-container'>\r\n\r\n\t\t\t\t\t\t<div class='premium-maps-title-wrap'>\r\n\t\t\t\t\t\t\t<p class='premium-maps-info-title'>Elastomeri d.o.o.<\/p>\r\n\t\t\t\t\t\t<\/div>\r\n\r\n\t\t\t\t\t\t<div class='premium-maps-info-desc'>\r\n\t\t\t\t\t\t\t<p>Add an optional description to your map pin<\/p>\t\t\t\t\t\t<\/div>\r\n\r\n\t\t\t\t\t<\/div>\r\n\t\t\t\t\t\t\t<\/div>\r\n\r\n\t\t\r\n\t\t\t\t\t\r\n\t\t\t<\/div>\r\n\r\n\t\t\r\n\t<\/div>\r\n\r\n\t\t\t\t\t\t<\/div>\n\t\t\t\t<\/div>\n\t\t\t\t\t<\/div>\n\t\t\t\t<\/div>\n\t\t\t\t<\/div>\n\t\t","protected":false},"excerpt":{"rendered":"<p>Z na\u0161im znanjem in izku\u0161njami vam bomo znali svetovati in vam pomagali pri va\u0161i odlo\u010ditvi.\u00a0 Imate vpra\u0161anja? Pi\u0161ite nam! Podatki o podjetju Elastomeri d.o.o.Be\u017eigrajska 4 3000 Celje TELEFON:\u00a0+386 3 428 28 28E-NASLOV:\u00a0info@elastomeri.si DELOVNI \u010cAS\u2028Pon-\u010det: 7:00 &#8211; 16:30\u2028Pet: 7:00 &#8211; 15:00 ID za DDV: SI 56 652 046 (dav\u010dni zavezanci)\u2028TRR: SI56 0400 1004 8969 566Mati\u010dna \u0161tevilka: [&hellip;]<\/p>\n","protected":false},"author":1,"featured_media":0,"parent":0,"menu_order":0,"comment_status":"closed","ping_status":"closed","template":"","meta":{"_acf_changed":false,"inline_featured_image":false,"footnotes":""},"class_list":["post-24740","page","type-page","status-publish","hentry"],"acf":[],"_links":{"self":[{"href":"https:\/\/elastomeri2.click.si\/en\/wp-json\/wp\/v2\/pages\/24740","targetHints":{"allow":["GET"]}}],"collection":[{"href":"https:\/\/elastomeri2.click.si\/en\/wp-json\/wp\/v2\/pages"}],"about":[{"href":"https:\/\/elastomeri2.click.si\/en\/wp-json\/wp\/v2\/types\/page"}],"author":[{"embeddable":true,"href":"https:\/\/elastomeri2.click.si\/en\/wp-json\/wp\/v2\/users\/1"}],"replies":[{"embeddable":true,"href":"https:\/\/elastomeri2.click.si\/en\/wp-json\/wp\/v2\/comments?post=24740"}],"version-history":[{"count":0,"href":"https:\/\/elastomeri2.click.si\/en\/wp-json\/wp\/v2\/pages\/24740\/revisions"}],"wp:attachment":[{"href":"https:\/\/elastomeri2.click.si\/en\/wp-json\/wp\/v2\/media?parent=24740"}],"curies":[{"name":"wp","href":"https:\/\/api.w.org\/{rel}","templated":true}]}}