{"id":24721,"date":"2025-07-04T13:18:29","date_gmt":"2025-07-04T11:18:29","guid":{"rendered":"https:\/\/elastomeri.click.si\/kako-deluje-partnerski-program-b2b\/"},"modified":"2025-07-04T13:18:29","modified_gmt":"2025-07-04T11:18:29","slug":"kako-deluje-partnerski-program-b2b","status":"publish","type":"page","link":"https:\/\/elastomeri2.click.si\/en\/kako-deluje-partnerski-program-b2b\/","title":{"rendered":"Kako deluje partnerski program B2B?"},"content":{"rendered":"\t\t<div data-elementor-type=\"wp-page\" data-elementor-id=\"24721\" class=\"elementor elementor-24721 elementor-24004\" data-elementor-post-type=\"page\">\n\t\t\t\t<div class=\"elementor-element elementor-element-c9775a4 e-flex e-con-boxed e-con e-parent\" data-id=\"c9775a4\" data-element_type=\"container\">\n\t\t\t\t\t<div class=\"e-con-inner\">\n\t\t\t\t<div class=\"elementor-element elementor-element-16ab096 elementor-widget elementor-widget-heading\" data-id=\"16ab096\" data-element_type=\"widget\" data-widget_type=\"heading.default\">\n\t\t\t\t\t<h1 class=\"elementor-heading-title elementor-size-default\">Prijava v partnerski program B2B<\/h1>\t\t\t\t<\/div>\n\t\t\t\t<div class=\"elementor-element elementor-element-09475c6 elementor-widget elementor-widget-text-editor\" data-id=\"09475c6\" data-element_type=\"widget\" data-widget_type=\"text-editor.default\">\n\t\t\t\t\t\t\t\t\t<p>V spletni trgovini Elastomeri lahko preprosto in hitro zaprosite za sodelovanje v partnerskem programu B2B. Izpolnite obrazec za prijavo ter po\u010dakajte na odobritev podjetja.<\/p><p>\u00a0<\/p><h3>Prijavni obrazec<\/h3><p>Za dostop do prijavnega obrazca kliknite na ikono med okencem za iskanje izdelkov ter ikono za ko\u0161arico, v navigacijski vrstici. Na levi strani v rubriki \u00bbNove stranke\u00ab kliknite na gumb \u00bbUstvarite ra\u010dun B2B\u00ab<br \/><img fetchpriority=\"high\" decoding=\"async\" class=\"\" src=\"https:\/\/shop.elastomeri.si\/media\/wysiwyg\/B2B-prijava-01_2.PNG\" alt=\"\" width=\"917\" height=\"462\" data-original=\"https:\/\/shop.elastomeri.si\/media\/wysiwyg\/B2B-prijava-01_2.PNG\" \/><\/p><h3><br \/>Izpolnjevanje prijavnega obrazca<\/h3><p>Izpolnite vsa obvezna polja, ki so ozna\u010dena z zvezdico. Za\u017eeleno je, da izpolnite tudi druga polja. V rubriki \u00bbInformacije prijave\u00ab vnesete e-po\u0161tni naslov ter dolo\u010dite geslo. Z vnesenim e-po\u0161tnim naslovom ter geslom se boste lahko prijavili v spletno trgovino.<br \/><strong>Pred potrditvijo preverite, ali so vsi podatki pravilni!<\/strong><\/p><p><img decoding=\"async\" class=\"\" src=\"https:\/\/shop.elastomeri.si\/media\/wysiwyg\/B2B-prijava-02.PNG\" alt=\"\" width=\"456\" height=\"699\" data-original=\"https:\/\/shop.elastomeri.si\/media\/wysiwyg\/B2B-prijava-02.PNG\" \/><\/p><h3>Zaklju\u010dek prijave<\/h3><p>Kliknite na gumb \u00bbUstvarite ra\u010dun\u00ab na dnu obrazca. V zgornjem levem kotu ekrana se bo pokazalo obvestilo, da je bila prijava uspe\u0161no oddana. Na e-po\u0161tni naslov, ki ste ga navedli v prijavi, boste prejeli tudi e-sporo\u010dilo o uspe\u0161ni prijavi.<br \/>Ko bo ekipa podjetja preverila va\u0161e podatke in odobrila va\u0161o prijavo, boste dobili \u0161e eno e-sporo\u010dilo z obvestilom, da je va\u0161 ra\u010dun B2B odobren.<br \/>Prijavite se z e-po\u0161tnim naslovom in geslom, ki ste ju navedli ob prijavi.<\/p>\t\t\t\t\t\t\t\t<\/div>\n\t\t\t\t\t<\/div>\n\t\t\t\t<\/div>\n\t\t\t\t<\/div>\n\t\t","protected":false},"excerpt":{"rendered":"<p>Prijava v partnerski program B2B V spletni trgovini Elastomeri lahko preprosto in hitro zaprosite za sodelovanje v partnerskem programu B2B. Izpolnite obrazec za prijavo ter po\u010dakajte na odobritev podjetja. \u00a0 Prijavni obrazec Za dostop do prijavnega obrazca kliknite na ikono med okencem za iskanje izdelkov ter ikono za ko\u0161arico, v navigacijski vrstici. Na levi strani [&hellip;]<\/p>\n","protected":false},"author":1,"featured_media":0,"parent":0,"menu_order":0,"comment_status":"closed","ping_status":"closed","template":"","meta":{"_acf_changed":false,"inline_featured_image":false,"footnotes":""},"class_list":["post-24721","page","type-page","status-publish","hentry"],"acf":[],"_links":{"self":[{"href":"https:\/\/elastomeri2.click.si\/en\/wp-json\/wp\/v2\/pages\/24721","targetHints":{"allow":["GET"]}}],"collection":[{"href":"https:\/\/elastomeri2.click.si\/en\/wp-json\/wp\/v2\/pages"}],"about":[{"href":"https:\/\/elastomeri2.click.si\/en\/wp-json\/wp\/v2\/types\/page"}],"author":[{"embeddable":true,"href":"https:\/\/elastomeri2.click.si\/en\/wp-json\/wp\/v2\/users\/1"}],"replies":[{"embeddable":true,"href":"https:\/\/elastomeri2.click.si\/en\/wp-json\/wp\/v2\/comments?post=24721"}],"version-history":[{"count":0,"href":"https:\/\/elastomeri2.click.si\/en\/wp-json\/wp\/v2\/pages\/24721\/revisions"}],"wp:attachment":[{"href":"https:\/\/elastomeri2.click.si\/en\/wp-json\/wp\/v2\/media?parent=24721"}],"curies":[{"name":"wp","href":"https:\/\/api.w.org\/{rel}","templated":true}]}}