{"id":24715,"date":"2025-07-17T09:23:34","date_gmt":"2025-07-17T07:23:34","guid":{"rendered":"https:\/\/elastomeri.click.si\/storitve\/"},"modified":"2025-07-17T09:23:34","modified_gmt":"2025-07-17T07:23:34","slug":"storitve","status":"publish","type":"page","link":"https:\/\/elastomeri2.click.si\/en\/storitve\/","title":{"rendered":"Storitve"},"content":{"rendered":"\t\t<div data-elementor-type=\"wp-page\" data-elementor-id=\"24715\" class=\"elementor elementor-24715 elementor-24389\" data-elementor-post-type=\"page\">\n\t\t\t\t<div class=\"elementor-element elementor-element-2d87b8e e-flex e-con-boxed e-con e-parent\" data-id=\"2d87b8e\" data-element_type=\"container\">\n\t\t\t\t\t<div class=\"e-con-inner\">\n\t\t\t\t<div class=\"elementor-element elementor-element-7ba6af2 elementor-widget__width-initial elementor-widget elementor-widget-text-editor\" data-id=\"7ba6af2\" data-element_type=\"widget\" data-widget_type=\"text-editor.default\">\n\t\t\t\t\t\t\t\t\t<p>Specialisti za proizvodnjo in obnovo gumiranih ter zobatih kolutov, gumiranih valjev ter tehni\u010dnih izdelkov za razli\u010dne industrije. Z vami \u017ee od leta 1977.<\/p>\t\t\t\t\t\t\t\t<\/div>\n\t\t\t\t\t<\/div>\n\t\t\t\t<\/div>\n\t\t<div class=\"elementor-element elementor-element-68b188a e-flex e-con-boxed e-con e-parent\" data-id=\"68b188a\" data-element_type=\"container\" id=\"proizvodnja-novih-kolutov-in-obnova\">\n\t\t\t\t\t<div class=\"e-con-inner\">\n\t\t<div class=\"elementor-element elementor-element-adc099c e-con-full e-flex e-con e-child\" data-id=\"adc099c\" data-element_type=\"container\">\n\t\t\t\t<div class=\"elementor-element elementor-element-a1e37d6 elementor-widget elementor-widget-heading\" data-id=\"a1e37d6\" data-element_type=\"widget\" data-widget_type=\"heading.default\">\n\t\t\t\t\t<h2 class=\"elementor-heading-title elementor-size-default\">Proizvodnja novih kolutov in obnova<\/h2>\t\t\t\t<\/div>\n\t\t\t\t<div class=\"elementor-element elementor-element-fd4e30b elementor-widget elementor-widget-text-editor\" data-id=\"fd4e30b\" data-element_type=\"widget\" data-widget_type=\"text-editor.default\">\n\t\t\t\t\t\t\t\t\t<p>Izdelujemo in obnavljamo kolute za razli\u010dne industrije, pri \u010demer uporabljamo razli\u010dne kvalitete materialov glede na namen uporabe (guma NBR, EPDM, X-NBR, SBR in druge; silikon; poliuretan). \u00a0<\/p><p><br \/><a href=\"#\"><span style=\"text-decoration: underline;\">Za ve\u010d informacij si prenesite na\u0161 katalog<\/span><\/a><\/p>\t\t\t\t\t\t\t\t<\/div>\n\t\t\t\t<\/div>\n\t\t<div class=\"elementor-element elementor-element-a7c02df e-con-full e-flex e-con e-child\" data-id=\"a7c02df\" data-element_type=\"container\">\n\t\t\t\t<div class=\"elementor-element elementor-element-dffba30 elementor-widget elementor-widget-image\" data-id=\"dffba30\" data-element_type=\"widget\" data-widget_type=\"image.default\">\n\t\t\t\t\t\t\t\t\t\t\t\t\t\t\t<img fetchpriority=\"high\" decoding=\"async\" width=\"800\" height=\"533\" src=\"https:\/\/elastomeri2.click.si\/wp-content\/uploads\/2025\/07\/mesani-gumirani-koluti-scaled-1-1024x682.jpg\" class=\"attachment-large size-large wp-image-23738\" alt=\"\" srcset=\"https:\/\/elastomeri2.click.si\/wp-content\/uploads\/2025\/07\/mesani-gumirani-koluti-scaled-1-1024x682.jpg 1024w, https:\/\/elastomeri2.click.si\/wp-content\/uploads\/2025\/07\/mesani-gumirani-koluti-scaled-1-600x400.jpg 600w, https:\/\/elastomeri2.click.si\/wp-content\/uploads\/2025\/07\/mesani-gumirani-koluti-scaled-1-300x200.jpg 300w, https:\/\/elastomeri2.click.si\/wp-content\/uploads\/2025\/07\/mesani-gumirani-koluti-scaled-1-768x512.jpg 768w, https:\/\/elastomeri2.click.si\/wp-content\/uploads\/2025\/07\/mesani-gumirani-koluti-scaled-1-1536x1024.jpg 1536w, https:\/\/elastomeri2.click.si\/wp-content\/uploads\/2025\/07\/mesani-gumirani-koluti-scaled-1-2048x1365.jpg 2048w\" sizes=\"(max-width: 800px) 100vw, 800px\" \/>\t\t\t\t\t\t\t\t\t\t\t\t\t\t\t<\/div>\n\t\t\t\t<\/div>\n\t\t\t\t\t<\/div>\n\t\t\t\t<\/div>\n\t\t<div class=\"elementor-element elementor-element-c678fda e-flex e-con-boxed e-con e-parent\" data-id=\"c678fda\" data-element_type=\"container\" id=\"proizvodnja-novih-zobatih-kolutov-in-ostrenje\">\n\t\t\t\t\t<div class=\"e-con-inner\">\n\t\t<div class=\"elementor-element elementor-element-6c835cf e-con-full e-flex e-con e-child\" data-id=\"6c835cf\" data-element_type=\"container\">\n\t\t\t\t<div class=\"elementor-element elementor-element-bfc7fb9 elementor-widget elementor-widget-image\" data-id=\"bfc7fb9\" data-element_type=\"widget\" data-widget_type=\"image.default\">\n\t\t\t\t\t\t\t\t\t\t\t\t\t\t\t<img decoding=\"async\" width=\"800\" height=\"534\" src=\"https:\/\/elastomeri2.click.si\/wp-content\/uploads\/2025\/07\/mesani-zobati-koluti-scaled-1-1024x683.jpg\" class=\"attachment-large size-large wp-image-23739\" alt=\"\" srcset=\"https:\/\/elastomeri2.click.si\/wp-content\/uploads\/2025\/07\/mesani-zobati-koluti-scaled-1-1024x683.jpg 1024w, https:\/\/elastomeri2.click.si\/wp-content\/uploads\/2025\/07\/mesani-zobati-koluti-scaled-1-600x400.jpg 600w, https:\/\/elastomeri2.click.si\/wp-content\/uploads\/2025\/07\/mesani-zobati-koluti-scaled-1-300x200.jpg 300w, https:\/\/elastomeri2.click.si\/wp-content\/uploads\/2025\/07\/mesani-zobati-koluti-scaled-1-768x512.jpg 768w, https:\/\/elastomeri2.click.si\/wp-content\/uploads\/2025\/07\/mesani-zobati-koluti-scaled-1-1536x1024.jpg 1536w, https:\/\/elastomeri2.click.si\/wp-content\/uploads\/2025\/07\/mesani-zobati-koluti-scaled-1-2048x1366.jpg 2048w\" sizes=\"(max-width: 800px) 100vw, 800px\" \/>\t\t\t\t\t\t\t\t\t\t\t\t\t\t\t<\/div>\n\t\t\t\t<\/div>\n\t\t<div class=\"elementor-element elementor-element-6b2fa97 e-con-full e-flex e-con e-child\" data-id=\"6b2fa97\" data-element_type=\"container\">\n\t\t\t\t<div class=\"elementor-element elementor-element-0e8f094 elementor-widget elementor-widget-heading\" data-id=\"0e8f094\" data-element_type=\"widget\" data-widget_type=\"heading.default\">\n\t\t\t\t\t<h2 class=\"elementor-heading-title elementor-size-default\">Proizvodnja novih zobatih kolutov in ostrenje<\/h2>\t\t\t\t<\/div>\n\t\t\t\t<div class=\"elementor-element elementor-element-1829eaf elementor-widget elementor-widget-text-editor\" data-id=\"1829eaf\" data-element_type=\"widget\" data-widget_type=\"text-editor.default\">\n\t\t\t\t\t\t\t\t\t<p>Izdelujemo in obnavljamo zobate kolute prete\u017eno za lesno industrijo. Vsi koluti so izdelani iz kaljenega jekla, ki jih za ve\u010djo trdnost lahko dodatno kromamo.<\/p><p><strong>Ali ste vedeli, da pri nas lahko izbirate med 9 razli\u010dnimi profili zob?<\/strong><em><br \/><\/em><\/p><p><a href=\"#\"><span style=\"text-decoration: underline;\">Za ve\u010d informacij si prenesite na\u0161 katalog<\/span><\/a><\/p>\t\t\t\t\t\t\t\t<\/div>\n\t\t\t\t<\/div>\n\t\t\t\t\t<\/div>\n\t\t\t\t<\/div>\n\t\t<div class=\"elementor-element elementor-element-b0d2b9e e-flex e-con-boxed e-con e-parent\" data-id=\"b0d2b9e\" data-element_type=\"container\" id=\"obnova-valjev\">\n\t\t\t\t\t<div class=\"e-con-inner\">\n\t\t<div class=\"elementor-element elementor-element-d211e55 e-con-full e-flex e-con e-child\" data-id=\"d211e55\" data-element_type=\"container\">\n\t\t\t\t<div class=\"elementor-element elementor-element-16c18ce elementor-widget elementor-widget-heading\" data-id=\"16c18ce\" data-element_type=\"widget\" data-widget_type=\"heading.default\">\n\t\t\t\t\t<h2 class=\"elementor-heading-title elementor-size-default\">Obnova valjev<\/h2>\t\t\t\t<\/div>\n\t\t\t\t<div class=\"elementor-element elementor-element-040c8d8 elementor-widget elementor-widget-text-editor\" data-id=\"040c8d8\" data-element_type=\"widget\" data-widget_type=\"text-editor.default\">\n\t\t\t\t\t\t\t\t\t<p>Gumiramo valje za kontaktne brusilke, nanos lepil, barv in lakov, transportne valje, balirke, laminatorje ter druge valje glede na va\u0161e zahteve. <br \/>Kot uradni zastopnik podjetja <strong>Westland<\/strong> za Slovenijo, slovenskim tiskarjem nudimo obnovo, nakup ali zamenjavo grafi\u010dnih valjev.<\/p>\t\t\t\t\t\t\t\t<\/div>\n\t\t\t\t<\/div>\n\t\t<div class=\"elementor-element elementor-element-c4ac118 e-con-full e-flex e-con e-child\" data-id=\"c4ac118\" data-element_type=\"container\">\n\t\t\t\t<div class=\"elementor-element elementor-element-1b6bff3 elementor-widget elementor-widget-image\" data-id=\"1b6bff3\" data-element_type=\"widget\" data-widget_type=\"image.default\">\n\t\t\t\t\t\t\t\t\t\t\t\t\t\t\t<img decoding=\"async\" width=\"800\" height=\"534\" src=\"https:\/\/elastomeri2.click.si\/wp-content\/uploads\/2025\/07\/graficni-valji-scaled-1-1024x683.jpg\" class=\"attachment-large size-large wp-image-23641\" alt=\"\" srcset=\"https:\/\/elastomeri2.click.si\/wp-content\/uploads\/2025\/07\/graficni-valji-scaled-1-1024x683.jpg 1024w, https:\/\/elastomeri2.click.si\/wp-content\/uploads\/2025\/07\/graficni-valji-scaled-1-600x400.jpg 600w, https:\/\/elastomeri2.click.si\/wp-content\/uploads\/2025\/07\/graficni-valji-scaled-1-300x200.jpg 300w, https:\/\/elastomeri2.click.si\/wp-content\/uploads\/2025\/07\/graficni-valji-scaled-1-768x512.jpg 768w, https:\/\/elastomeri2.click.si\/wp-content\/uploads\/2025\/07\/graficni-valji-scaled-1-1536x1024.jpg 1536w, https:\/\/elastomeri2.click.si\/wp-content\/uploads\/2025\/07\/graficni-valji-scaled-1-2048x1366.jpg 2048w\" sizes=\"(max-width: 800px) 100vw, 800px\" \/>\t\t\t\t\t\t\t\t\t\t\t\t\t\t\t<\/div>\n\t\t\t\t<\/div>\n\t\t\t\t\t<\/div>\n\t\t\t\t<\/div>\n\t\t<div class=\"elementor-element elementor-element-6d440f5 e-flex e-con-boxed e-con e-parent\" data-id=\"6d440f5\" data-element_type=\"container\" id=\"tehnicni-izdelki\">\n\t\t\t\t\t<div class=\"e-con-inner\">\n\t\t<div class=\"elementor-element elementor-element-be603c1 e-con-full e-flex e-con e-child\" data-id=\"be603c1\" data-element_type=\"container\">\n\t\t\t\t<div class=\"elementor-element elementor-element-0d7d2a3 elementor-widget elementor-widget-image\" data-id=\"0d7d2a3\" data-element_type=\"widget\" data-widget_type=\"image.default\">\n\t\t\t\t\t\t\t\t\t\t\t\t\t\t\t<img loading=\"lazy\" decoding=\"async\" width=\"800\" height=\"534\" src=\"https:\/\/elastomeri2.click.si\/wp-content\/uploads\/2025\/07\/Marinsek-slike-205-scaled-1-1024x683.jpg\" class=\"attachment-large size-large wp-image-23729\" alt=\"\" srcset=\"https:\/\/elastomeri2.click.si\/wp-content\/uploads\/2025\/07\/Marinsek-slike-205-scaled-1-1024x683.jpg 1024w, https:\/\/elastomeri2.click.si\/wp-content\/uploads\/2025\/07\/Marinsek-slike-205-scaled-1-600x400.jpg 600w, https:\/\/elastomeri2.click.si\/wp-content\/uploads\/2025\/07\/Marinsek-slike-205-scaled-1-300x200.jpg 300w, https:\/\/elastomeri2.click.si\/wp-content\/uploads\/2025\/07\/Marinsek-slike-205-scaled-1-768x512.jpg 768w, https:\/\/elastomeri2.click.si\/wp-content\/uploads\/2025\/07\/Marinsek-slike-205-scaled-1-1536x1024.jpg 1536w, https:\/\/elastomeri2.click.si\/wp-content\/uploads\/2025\/07\/Marinsek-slike-205-scaled-1-2048x1366.jpg 2048w\" sizes=\"(max-width: 800px) 100vw, 800px\" \/>\t\t\t\t\t\t\t\t\t\t\t\t\t\t\t<\/div>\n\t\t\t\t<\/div>\n\t\t<div class=\"elementor-element elementor-element-bf3d8ca e-con-full e-flex e-con e-child\" data-id=\"bf3d8ca\" data-element_type=\"container\">\n\t\t\t\t<div class=\"elementor-element elementor-element-1855d99 elementor-widget elementor-widget-heading\" data-id=\"1855d99\" data-element_type=\"widget\" data-widget_type=\"heading.default\">\n\t\t\t\t\t<h2 class=\"elementor-heading-title elementor-size-default\">Tehni\u010dni izdelki <\/h2>\t\t\t\t<\/div>\n\t\t\t\t<div class=\"elementor-element elementor-element-a837601 elementor-widget elementor-widget-text-editor\" data-id=\"a837601\" data-element_type=\"widget\" data-widget_type=\"text-editor.default\">\n\t\t\t\t\t\t\t\t\t<p>Izdelujemo kakovostne tehni\u010dne komponente, prilagojene razli\u010dnim industrijskim potrebam, kot so obro\u010dki, plo\u0161\u010dice, \u010depi, membrane, tesnila in drugi izdelki iz gume, silikona ter poliuretana. Zagotavljamo natan\u010dno izdelavo, vzdr\u017eljivost in zanesljivost materialov za optimalno delovanje va\u0161ih sistemov.<\/p>\t\t\t\t\t\t\t\t<\/div>\n\t\t\t\t<\/div>\n\t\t\t\t\t<\/div>\n\t\t\t\t<\/div>\n\t\t<div class=\"elementor-element elementor-element-7a32a06 e-flex e-con-boxed e-con e-parent\" data-id=\"7a32a06\" data-element_type=\"container\" id=\"dodatne-storitve\">\n\t\t\t\t\t<div class=\"e-con-inner\">\n\t\t<div class=\"elementor-element elementor-element-36000d2 e-con-full e-flex e-con e-child\" data-id=\"36000d2\" data-element_type=\"container\">\n\t\t\t\t<div class=\"elementor-element elementor-element-dc2a5d2 elementor-widget elementor-widget-heading\" data-id=\"dc2a5d2\" data-element_type=\"widget\" data-widget_type=\"heading.default\">\n\t\t\t\t\t<h2 class=\"elementor-heading-title elementor-size-default\">Dodatne storitve<\/h2>\t\t\t\t<\/div>\n\t\t\t\t<div class=\"elementor-element elementor-element-887c68c elementor-widget elementor-widget-text-editor\" data-id=\"887c68c\" data-element_type=\"widget\" data-widget_type=\"text-editor.default\">\n\t\t\t\t\t\t\t\t\t<ul><li>gumiranje kolutov ali valjev z razli\u010dnimi kvalitetami in trdotami oblog<\/li><li>izdelava kovinskih jeder za kolute in valje<\/li><li>popravilo po\u0161kodovanih jeder in le\u017eajnih mest ter menjava le\u017eajev<\/li><li>minimalno bru\u0161enje, bombiranje obrabljenih valjev<\/li><li>dinami\u010dno balansiranje valjev<\/li><li>izdelava novih zabojev za varen transport valjev<\/li><\/ul>\t\t\t\t\t\t\t\t<\/div>\n\t\t\t\t<\/div>\n\t\t<div class=\"elementor-element elementor-element-53f3b20 e-con-full e-flex e-con e-child\" data-id=\"53f3b20\" data-element_type=\"container\">\n\t\t\t\t<div class=\"elementor-element elementor-element-6b3be76 elementor-widget elementor-widget-image\" data-id=\"6b3be76\" data-element_type=\"widget\" data-widget_type=\"image.default\">\n\t\t\t\t\t\t\t\t\t\t\t\t\t\t\t<img loading=\"lazy\" decoding=\"async\" width=\"800\" height=\"534\" src=\"https:\/\/elastomeri2.click.si\/wp-content\/uploads\/2025\/07\/Zobati-koluti-skupinska-3-scaled-1-1024x683.jpg\" class=\"attachment-large size-large wp-image-23814\" alt=\"\" srcset=\"https:\/\/elastomeri2.click.si\/wp-content\/uploads\/2025\/07\/Zobati-koluti-skupinska-3-scaled-1-1024x683.jpg 1024w, https:\/\/elastomeri2.click.si\/wp-content\/uploads\/2025\/07\/Zobati-koluti-skupinska-3-scaled-1-600x400.jpg 600w, https:\/\/elastomeri2.click.si\/wp-content\/uploads\/2025\/07\/Zobati-koluti-skupinska-3-scaled-1-300x200.jpg 300w, https:\/\/elastomeri2.click.si\/wp-content\/uploads\/2025\/07\/Zobati-koluti-skupinska-3-scaled-1-768x512.jpg 768w, https:\/\/elastomeri2.click.si\/wp-content\/uploads\/2025\/07\/Zobati-koluti-skupinska-3-scaled-1-1536x1024.jpg 1536w, https:\/\/elastomeri2.click.si\/wp-content\/uploads\/2025\/07\/Zobati-koluti-skupinska-3-scaled-1-2048x1366.jpg 2048w\" sizes=\"(max-width: 800px) 100vw, 800px\" \/>\t\t\t\t\t\t\t\t\t\t\t\t\t\t\t<\/div>\n\t\t\t\t<\/div>\n\t\t\t\t\t<\/div>\n\t\t\t\t<\/div>\n\t\t\t\t<\/div>\n\t\t","protected":false},"excerpt":{"rendered":"<p>Specialisti za proizvodnjo in obnovo gumiranih ter zobatih kolutov, gumiranih valjev ter tehni\u010dnih izdelkov za razli\u010dne industrije. Z vami \u017ee od leta 1977. Proizvodnja novih kolutov in obnova Izdelujemo in obnavljamo kolute za razli\u010dne industrije, pri \u010demer uporabljamo razli\u010dne kvalitete materialov glede na namen uporabe (guma NBR, EPDM, X-NBR, SBR in druge; silikon; poliuretan). \u00a0 [&hellip;]<\/p>\n","protected":false},"author":1,"featured_media":0,"parent":0,"menu_order":0,"comment_status":"closed","ping_status":"closed","template":"","meta":{"_acf_changed":false,"inline_featured_image":false,"footnotes":""},"class_list":["post-24715","page","type-page","status-publish","hentry"],"acf":[],"_links":{"self":[{"href":"https:\/\/elastomeri2.click.si\/en\/wp-json\/wp\/v2\/pages\/24715","targetHints":{"allow":["GET"]}}],"collection":[{"href":"https:\/\/elastomeri2.click.si\/en\/wp-json\/wp\/v2\/pages"}],"about":[{"href":"https:\/\/elastomeri2.click.si\/en\/wp-json\/wp\/v2\/types\/page"}],"author":[{"embeddable":true,"href":"https:\/\/elastomeri2.click.si\/en\/wp-json\/wp\/v2\/users\/1"}],"replies":[{"embeddable":true,"href":"https:\/\/elastomeri2.click.si\/en\/wp-json\/wp\/v2\/comments?post=24715"}],"version-history":[{"count":0,"href":"https:\/\/elastomeri2.click.si\/en\/wp-json\/wp\/v2\/pages\/24715\/revisions"}],"wp:attachment":[{"href":"https:\/\/elastomeri2.click.si\/en\/wp-json\/wp\/v2\/media?parent=24715"}],"curies":[{"name":"wp","href":"https:\/\/api.w.org\/{rel}","templated":true}]}}