{"id":24882,"date":"2020-11-01T11:45:47","date_gmt":"2020-11-01T11:45:47","guid":{"rendered":"https:\/\/elastomeri.click.si\/izdelek\/unkategorisiert\/weinig-140-50-35-v-rjav\/"},"modified":"2020-11-01T11:45:47","modified_gmt":"2020-11-01T11:45:47","slug":"weinig-140-50-35-v-rjav","status":"publish","type":"product","link":"https:\/\/elastomeri2.click.si\/de\/izdelek\/gumirani-koluti-2\/weinig-140-50-35-v-rjav\/","title":{"rendered":"Weinig 140-50-35 V rjav"},"content":{"rendered":"<p>Podajalno kolo ima aluminijasto jedro, gumirano pa je s 70\u00b15 ShA trdo, rjavo, gumijasto zmesjo, ki ima zelo dober oprijem in ne pu\u0161\u010da sledi na lesu. <\/p>\n<p>Koluti so primerni za monta\u017eo na razli\u010dne Weinig \u0161tiristranke. Po \u017eelji jih gumiramo tudi z drugo gumijasto zmesjo  (po\u0161ljite povpra\u0161evanje).<\/p>\n","protected":false},"excerpt":{"rendered":"<p><span style=\"text-decoration: underline;\">Tehni\u010dni podatki (v mm):<\/span><\/p>\n<p>D= 120<\/p>\n<p>D1= 140<\/p>\n<p>L= 50<\/p>\n<p>L1= 50<\/p>\n<p>\u010c= 35<\/p>\n<p>U= 10<\/p>\n<p>TK=<\/p>\n","protected":false},"featured_media":24883,"template":"","meta":{"_acf_changed":false,"inline_featured_image":false},"product_brand":[],"product_cat":[311],"product_tag":[],"class_list":{"0":"post-24882","1":"product","2":"type-product","3":"status-publish","4":"has-post-thumbnail","6":"product_cat-gumirani-koluti-2","7":"pa_enable-1-2","8":"pa_featured-product-331","9":"pa_hide-price-message-please-contact-us-for-price","10":"pa_luknja-mm-notranja-luknja-35mm","12":"first","13":"instock","14":"shipping-taxable","15":"purchasable","16":"product-type-simple"},"acf":[],"_links":{"self":[{"href":"https:\/\/elastomeri2.click.si\/de\/wp-json\/wp\/v2\/product\/24882","targetHints":{"allow":["GET"]}}],"collection":[{"href":"https:\/\/elastomeri2.click.si\/de\/wp-json\/wp\/v2\/product"}],"about":[{"href":"https:\/\/elastomeri2.click.si\/de\/wp-json\/wp\/v2\/types\/product"}],"wp:featuredmedia":[{"embeddable":true,"href":"https:\/\/elastomeri2.click.si\/de\/wp-json\/wp\/v2\/media\/24883"}],"wp:attachment":[{"href":"https:\/\/elastomeri2.click.si\/de\/wp-json\/wp\/v2\/media?parent=24882"}],"wp:term":[{"taxonomy":"product_brand","embeddable":true,"href":"https:\/\/elastomeri2.click.si\/de\/wp-json\/wp\/v2\/product_brand?post=24882"},{"taxonomy":"product_cat","embeddable":true,"href":"https:\/\/elastomeri2.click.si\/de\/wp-json\/wp\/v2\/product_cat?post=24882"},{"taxonomy":"product_tag","embeddable":true,"href":"https:\/\/elastomeri2.click.si\/de\/wp-json\/wp\/v2\/product_tag?post=24882"}],"curies":[{"name":"wp","href":"https:\/\/api.w.org\/{rel}","templated":true}]}}