{"id":24858,"date":"2021-08-20T10:30:23","date_gmt":"2021-08-20T10:30:23","guid":{"rendered":"https:\/\/elastomeri.click.si\/izdelek\/unkategorisiert\/scm-120-50-30v\/"},"modified":"2021-08-20T10:30:23","modified_gmt":"2021-08-20T10:30:23","slug":"scm-120-50-30v","status":"publish","type":"product","link":"https:\/\/elastomeri2.click.si\/de\/izdelek\/gumirani-koluti-2\/scm-120-50-30v\/","title":{"rendered":"SCM 120-50-30V"},"content":{"rendered":"<p class=\"paragraph\" style=\"margin: 0cm; margin-bottom: .0001pt; vertical-align: baseline;\"><span class=\"normaltextrun\"><u><span style=\"font-size: 11.0pt; font-family: 'Calibri',sans-serif;\">Tehni\u010dni podatki\u00a0(v mm)<\/span><\/u><\/span><span class=\"normaltextrun\"><span style=\"font-size: 11.0pt; font-family: 'Calibri',sans-serif;\">:<\/span><\/span><span class=\"eop\"><span style=\"font-size: 11.0pt; font-family: 'Calibri',sans-serif;\">\u00a0<\/span><\/span><\/p>\n<p class=\"paragraph\" style=\"margin: 0cm; margin-bottom: .0001pt; vertical-align: baseline;\"><span class=\"normaltextrun\"><span style=\"font-size: 11.0pt; font-family: 'Calibri',sans-serif;\">D=\u00a0\u00a0100<\/span><\/span><span class=\"eop\"><span style=\"font-size: 11.0pt; font-family: 'Calibri',sans-serif;\">\u00a0<\/span><\/span><\/p>\n<p class=\"paragraph\" style=\"margin: 0cm; margin-bottom: .0001pt; vertical-align: baseline;\"><span class=\"normaltextrun\"><span style=\"font-size: 11.0pt; font-family: 'Calibri',sans-serif;\">D1=\u00a0120<\/span><\/span><span class=\"eop\"><span style=\"font-size: 11.0pt; font-family: 'Calibri',sans-serif;\">\u00a0<\/span><\/span><\/p>\n<p class=\"paragraph\" style=\"margin: 0cm; margin-bottom: .0001pt; vertical-align: baseline;\"><span class=\"normaltextrun\"><span style=\"font-size: 11.0pt; font-family: 'Calibri',sans-serif;\">L=\u00a050<\/span><\/span><span class=\"eop\"><span style=\"font-size: 11.0pt; font-family: 'Calibri',sans-serif;\">\u00a0<\/span><\/span><\/p>\n<p class=\"paragraph\" style=\"margin: 0cm; margin-bottom: .0001pt; vertical-align: baseline;\"><span class=\"normaltextrun\"><span style=\"font-size: 11.0pt; font-family: 'Calibri',sans-serif;\">L1=\u00a050<\/span><\/span><span class=\"eop\"><span style=\"font-size: 11.0pt; font-family: 'Calibri',sans-serif;\">\u00a0<\/span><\/span><\/p>\n<p class=\"paragraph\" style=\"margin: 0cm; margin-bottom: .0001pt; vertical-align: baseline;\"><span class=\"normaltextrun\"><span style=\"font-size: 11.0pt; font-family: 'Calibri',sans-serif;\">\u010c=\u00a030<\/span><\/span><span class=\"eop\"><span style=\"font-size: 11.0pt; font-family: 'Calibri',sans-serif;\">\u00a0<\/span><\/span><\/p>\n<p class=\"paragraph\" style=\"margin: 0cm; margin-bottom: .0001pt; vertical-align: baseline;\"><span class=\"normaltextrun\"><span style=\"font-size: 11.0pt; font-family: 'Calibri',sans-serif;\">U=\u00a0<\/span><\/span><\/p>\n<p class=\"paragraph\" style=\"margin: 0cm; margin-bottom: .0001pt; vertical-align: baseline;\"><span class=\"normaltextrun\"><span style=\"font-size: 11.0pt; font-family: 'Calibri',sans-serif;\">TK=\u00a0\u00a0<\/span><\/span><span class=\"eop\"><span style=\"font-size: 11.0pt; font-family: 'Calibri',sans-serif;\">\u00a0<\/span><\/span><\/p>\n","protected":false},"excerpt":{"rendered":"<p>SCM kolut ima jekleno jedro, gumirano pa je s\u00a060\u00b15\u00a0ShA\u00a0trdo,\u00a0belo, gumijasto zmesjo, ki ima zelo dober oprijem\u00a0in ne pu\u0161\u010da sledi na lesu.\u00a0Guma je prav tako zelo odporna na obrabo.<\/p>\n<p>Koluti so primerni\u00a0za monta\u017eo na razli\u010dne\u00a0SCM naprave. Po \u017eelji jih gumiramo tudi z drugo gumijasto zmesjo\u00a0\u00a0(po\u0161ljite povpra\u0161evanje).\u00a0<\/p>\n<p>Tak\u0161ne kolute lahko tudi obnovimo (na novo gumiramo), kar je ugodnej\u0161a varianta (po\u0161ljite povpra\u0161evanje)\u00a0<\/p>\n","protected":false},"featured_media":24859,"template":"","meta":{"_acf_changed":false,"inline_featured_image":false},"product_brand":[],"product_cat":[311],"product_tag":[],"class_list":{"0":"post-24858","1":"product","2":"type-product","3":"status-publish","4":"has-post-thumbnail","6":"product_cat-gumirani-koluti-2","7":"pa_featured-product-331","8":"pa_hide-price-message-please-contact-us-for-price","9":"pa_luknja-mm-notranja-luknja-30mm","11":"first","12":"instock","13":"shipping-taxable","14":"purchasable","15":"product-type-simple"},"acf":[],"_links":{"self":[{"href":"https:\/\/elastomeri2.click.si\/de\/wp-json\/wp\/v2\/product\/24858","targetHints":{"allow":["GET"]}}],"collection":[{"href":"https:\/\/elastomeri2.click.si\/de\/wp-json\/wp\/v2\/product"}],"about":[{"href":"https:\/\/elastomeri2.click.si\/de\/wp-json\/wp\/v2\/types\/product"}],"wp:featuredmedia":[{"embeddable":true,"href":"https:\/\/elastomeri2.click.si\/de\/wp-json\/wp\/v2\/media\/24859"}],"wp:attachment":[{"href":"https:\/\/elastomeri2.click.si\/de\/wp-json\/wp\/v2\/media?parent=24858"}],"wp:term":[{"taxonomy":"product_brand","embeddable":true,"href":"https:\/\/elastomeri2.click.si\/de\/wp-json\/wp\/v2\/product_brand?post=24858"},{"taxonomy":"product_cat","embeddable":true,"href":"https:\/\/elastomeri2.click.si\/de\/wp-json\/wp\/v2\/product_cat?post=24858"},{"taxonomy":"product_tag","embeddable":true,"href":"https:\/\/elastomeri2.click.si\/de\/wp-json\/wp\/v2\/product_tag?post=24858"}],"curies":[{"name":"wp","href":"https:\/\/api.w.org\/{rel}","templated":true}]}}