{"id":24846,"date":"2025-07-04T12:53:54","date_gmt":"2025-07-04T10:53:54","guid":{"rendered":"https:\/\/elastomeri.click.si\/izdelek\/unkategorisiert\/elu-110-25\/"},"modified":"2025-07-04T12:53:54","modified_gmt":"2025-07-04T10:53:54","slug":"elu-110-25","status":"publish","type":"product","link":"https:\/\/elastomeri2.click.si\/de\/izdelek\/gumirani-koluti\/elu-110-25\/","title":{"rendered":"Elu 110-25"},"content":{"rendered":"<p>Kolut ima jedro iz plo\u010devine, gumiran pa je s 50\u00b15 ShA trdo, belo, gumijasto zmesjo, ki ima zelo dober oprijem. Primerni so za monta\u017eo na starej\u0161e, Elu podajalne naprave. Po \u017eelji jih gumiramo tudi z drugo gumijasto zmesjo (po\u0161ljite povpra\u0161evanje).<\/p>\n","protected":false},"excerpt":{"rendered":"<p><u>Tehni\u010dni podatki (v mm)<\/u>:<\/p>\n<p>D=\u00a0 82<\/p>\n<p>D1= 110<\/p>\n<p>L= 25<\/p>\n<p>L1= 25<\/p>\n<p>\u010c= 16<\/p>\n<p>U= 4 x 6<\/p>\n<p>TK=<\/p>\n","protected":false},"featured_media":24847,"template":"","meta":{"_acf_changed":false,"inline_featured_image":false},"product_brand":[108],"product_cat":[298],"product_tag":[],"class_list":{"0":"post-24846","1":"product","2":"type-product","3":"status-publish","4":"has-post-thumbnail","6":"product_brand-elu","7":"product_cat-gumirani-koluti","9":"first","10":"instock","11":"shipping-taxable","12":"purchasable","13":"product-type-simple"},"acf":[],"_links":{"self":[{"href":"https:\/\/elastomeri2.click.si\/de\/wp-json\/wp\/v2\/product\/24846","targetHints":{"allow":["GET"]}}],"collection":[{"href":"https:\/\/elastomeri2.click.si\/de\/wp-json\/wp\/v2\/product"}],"about":[{"href":"https:\/\/elastomeri2.click.si\/de\/wp-json\/wp\/v2\/types\/product"}],"wp:featuredmedia":[{"embeddable":true,"href":"https:\/\/elastomeri2.click.si\/de\/wp-json\/wp\/v2\/media\/24847"}],"wp:attachment":[{"href":"https:\/\/elastomeri2.click.si\/de\/wp-json\/wp\/v2\/media?parent=24846"}],"wp:term":[{"taxonomy":"product_brand","embeddable":true,"href":"https:\/\/elastomeri2.click.si\/de\/wp-json\/wp\/v2\/product_brand?post=24846"},{"taxonomy":"product_cat","embeddable":true,"href":"https:\/\/elastomeri2.click.si\/de\/wp-json\/wp\/v2\/product_cat?post=24846"},{"taxonomy":"product_tag","embeddable":true,"href":"https:\/\/elastomeri2.click.si\/de\/wp-json\/wp\/v2\/product_tag?post=24846"}],"curies":[{"name":"wp","href":"https:\/\/api.w.org\/{rel}","templated":true}]}}