{"id":24842,"date":"2025-07-04T14:17:10","date_gmt":"2025-07-04T12:17:10","guid":{"rendered":"https:\/\/elastomeri.click.si\/izdelek\/unkategorisiert\/podajalnik-120-50\/"},"modified":"2025-07-04T14:17:10","modified_gmt":"2025-07-04T12:17:10","slug":"podajalnik-120-50","status":"publish","type":"product","link":"https:\/\/elastomeri2.click.si\/de\/izdelek\/gumirani-koluti\/podajalnik-120-50\/","title":{"rendered":"Podajalnik 120-50"},"content":{"rendered":"<p>Podajalno kolo ima aluminijasto jedro, gumirano pa je s 50\u00b15 ShA trdo, belo, gumijasto zmesjo, ki ima zelo dober oprijem in ne pu\u0161\u010da sledi na lesu.<\/p>\n<p>Primerni so za monta\u017eo na razli\u010dne podajalne naprave. Po \u017eelji jih gumiramo tudi z drugo gumijasto zmesjo\u00a0 (po\u0161ljite povpra\u0161evanje).<\/p>\n","protected":false},"excerpt":{"rendered":"<p>Tehni\u010dni podatki (v mm):<\/p>\n<p>D= 82<\/p>\n<p>D1= 120<\/p>\n<p>L= 50<\/p>\n<p>L1= 50<\/p>\n<p>\u010c= 35<\/p>\n<p>U=<\/p>\n<p>TK= 48<\/p>\n","protected":false},"featured_media":24843,"template":"","meta":{"_acf_changed":false,"inline_featured_image":false},"product_brand":[104],"product_cat":[298],"product_tag":[],"class_list":{"0":"post-24842","1":"product","2":"type-product","3":"status-publish","4":"has-post-thumbnail","6":"product_brand-podajalniki","7":"product_cat-gumirani-koluti","9":"first","10":"instock","11":"shipping-taxable","12":"purchasable","13":"product-type-simple"},"acf":[],"_links":{"self":[{"href":"https:\/\/elastomeri2.click.si\/de\/wp-json\/wp\/v2\/product\/24842","targetHints":{"allow":["GET"]}}],"collection":[{"href":"https:\/\/elastomeri2.click.si\/de\/wp-json\/wp\/v2\/product"}],"about":[{"href":"https:\/\/elastomeri2.click.si\/de\/wp-json\/wp\/v2\/types\/product"}],"wp:featuredmedia":[{"embeddable":true,"href":"https:\/\/elastomeri2.click.si\/de\/wp-json\/wp\/v2\/media\/24843"}],"wp:attachment":[{"href":"https:\/\/elastomeri2.click.si\/de\/wp-json\/wp\/v2\/media?parent=24842"}],"wp:term":[{"taxonomy":"product_brand","embeddable":true,"href":"https:\/\/elastomeri2.click.si\/de\/wp-json\/wp\/v2\/product_brand?post=24842"},{"taxonomy":"product_cat","embeddable":true,"href":"https:\/\/elastomeri2.click.si\/de\/wp-json\/wp\/v2\/product_cat?post=24842"},{"taxonomy":"product_tag","embeddable":true,"href":"https:\/\/elastomeri2.click.si\/de\/wp-json\/wp\/v2\/product_tag?post=24842"}],"curies":[{"name":"wp","href":"https:\/\/api.w.org\/{rel}","templated":true}]}}