{"id":24728,"date":"2025-07-04T13:13:16","date_gmt":"2025-07-04T11:13:16","guid":{"rendered":"https:\/\/elastomeri.click.si\/varstvo-osebnih-podatkov\/"},"modified":"2025-07-04T13:13:16","modified_gmt":"2025-07-04T11:13:16","slug":"varstvo-osebnih-podatkov","status":"publish","type":"page","link":"https:\/\/elastomeri2.click.si\/de\/varstvo-osebnih-podatkov\/","title":{"rendered":"Varstvo osebnih podatkov"},"content":{"rendered":"\t\t<div data-elementor-type=\"wp-page\" data-elementor-id=\"24728\" class=\"elementor elementor-24728 elementor-23998\" data-elementor-post-type=\"page\">\n\t\t\t\t<div class=\"elementor-element elementor-element-213152e e-flex e-con-boxed e-con e-parent\" data-id=\"213152e\" data-element_type=\"container\">\n\t\t\t\t\t<div class=\"e-con-inner\">\n\t\t\t\t<div class=\"elementor-element elementor-element-45b2a0a elementor-widget elementor-widget-heading\" data-id=\"45b2a0a\" data-element_type=\"widget\" data-widget_type=\"heading.default\">\n\t\t\t\t\t<h1 class=\"elementor-heading-title elementor-size-default\">Informacije o varstvu osebnih podatkov<\/h1>\t\t\t\t<\/div>\n\t\t\t\t<div class=\"elementor-element elementor-element-356808c elementor-widget elementor-widget-text-editor\" data-id=\"356808c\" data-element_type=\"widget\" data-widget_type=\"text-editor.default\">\n\t\t\t\t\t\t\t\t\t<main id=\"maincontent\" class=\"page-main\"><div class=\"columns\"><div class=\"column main\"><p>Varstvo va\u0161ih osebnih podatkov je za nas izjemnega pomena, saj \u017eelimo, da se pri nas po\u010dutite varno. Va\u0161e podatke obdelujemo izklju\u010dno na podlagi zakonskih dolo\u010db (Splo\u0161na uredba o varstvu podatkov \u2013 Uredba (EU) 2016\/679, Zakon o spremembi zakona o varstvu podatkov 2018, Zakon o telekomunikacijah 2003). V nadaljevanju informacij o varstvu podatkov vas obve\u0161\u010damo o pomembnih vidikih obdelave podatkov v okviru na\u0161e spletne strani. Te informacije lahko kadarkoli natisnete in si jih shranite.<\/p><p>Na celotnem ra\u010dunalni\u0161kem sistemu je vzpostavljen najvi\u0161ji nivo kibernetske varnosti. Ra\u010dunalniki so tako za\u0161\u010diteni proti nezakonitim vdorom v ra\u010dunalni\u0161ki sistem, kraji ali zlorabi storitev, uni\u010denju podatkov in nepoobla\u0161\u010denem spreminjanju podatkov ali programske opreme. Kibernetsko varnost zagotavljamo z naslednjimi ukrepi:<\/p><ul><li>ustrezno name\u0161\u010dena po\u017earna pregrada nove generacije,<\/li><li>redno preverjanje postopkov prepoznavanja varnostnih incidentov,<\/li><li>redno preverjanje postopkov odziva na zaznane incidente,<\/li><li>z ustreznim ozave\u0161\u010danjem in izobra\u017eevanjem zaposlenih,<\/li><li>z varnostnimi kopijami klju\u010dnih podatkov, hranjenih na oddaljeni lokaciji.<\/li><\/ul><p>\u00a0<\/p><p><strong>Kontaktni podatki upravljavca osebnih podatkov<\/strong><\/p><p>ELASTOMERI d.o.o. Celje<br \/>Be\u017eigrajska cesta 4<br \/>3000 Celje<br \/>Slovenija<\/p><p>Tel.: <a href=\"tel:+386 3 428 28 28\"><span style=\"text-decoration: underline;\">+386 3 428 28 28<\/span><\/a><br \/>Elektronski naslov: <a href=\"mailto:info@elastomeri.si\"><span style=\"text-decoration: underline;\">info@elastomeri.si<\/span><\/a><\/p><p>\u00a0<\/p><p><strong>Varovanje osebnih podatkov<\/strong><\/p><p>Osebni podatek je katerikoli podatek, ki se nana\u0161a na posameznika, pri \u010demer mora biti posameznik dolo\u010dena ali dolo\u010dljiva fizi\u010dna oseba. Obiskovalcev na\u0161e spletne strani ne spremljamo kot posameznikov, temve\u010d anonimno in skladno z veljavno zakonodajo varujemo njihovo zasebnost.\u00a0 Osebne podatke shranjujemo in obdelujemo v osrednjem programu za upravljanje informacij. Podatkov ne posredujemo tretjim osebam.<\/p><p>Namen obdelovanja osebnih podatkov je zagotavljanje kar najbolj\u0161e uporabni\u0161ke izku\u0161nje in upo\u0161tevanje obiskoval\u010devih \u017eelja. Va\u0161e podatke obdelujemo na podlagi va\u0161e privolitve, zakona ter za sklepanje in izvajanje pogodb.<\/p><p>\u00a0<\/p><p><strong><u>Katere osebne podatke obdelujemo?<\/u><\/strong><\/p><p><u>Osnovne podatke<\/u>\u00a0(ime, priimek, naslov, datum in kraj rojstva, EM\u0160O, dav\u010dna \u0161tevilka, \u0161tevilka osebnega dokumenta) potrebujemo za namen dostave blaga na va\u0161 naslov. Osebni podatki kot so ime in priimek, naslov in telefonska \u0161tevilka se lahko posredujejo prevoznikom, ponudnikom po\u0161tnih storitev, dostavnih storitev in \u0161pediterjem za namen dostave blaga.<\/p><p><u>Kontaktne podatke<\/u>\u00a0(e-naslov, telefonska \u0161tevilka, \u0161t. faksa, datum, ura in vsebina po\u0161tne ali elektronske komunikacije) uporabljamo za komunikacijo v zvezi z oblikovanjem in izvajanjem ponudbe oz. pogodbe.<\/p><p>Podatke\u00a0<u>o uporabi na\u0161e spletne strani<\/u>\u00a0(IP naslov, datum in ura obiska, podatki o obiskanih straneh, nastavitve na spletni strani, podatki o vstopni to\u010dki dostopa do interneta) obdelujemo z namenom analize, ki nam zagotavlja izbolj\u0161anje vsebin na na\u0161i spletni strani ter za spremljanje statisti\u010dnih vzgibov.<\/p><p>Podatke,\u00a0<u>potrebne za izvajanje na\u0161ih storitev in sklepanje pogodb<\/u>\u00a0(podatki o nakupih blaga\/storitev in izdanih ra\u010dunih (osnovni in kontaktni podatki posameznika, interna \u0161tevilka kupca, datum in kraj nakupa, kupljeni izdelki ali naro\u010dene storitve, skupni znesek, na\u010din pla\u010dila, ban\u010dni podatki, naslov za dostavo, \u0161tevilka in datum izdaje ra\u010duna, ipd.) obdelujemo za namene izpolnjevanja pogodbenih obveznosti ali uveljavljanje pravic. Prav tako se uporabljajo za namene pogajanj pri sklenitvi pogodbe. Ban\u010dni podatki se ne shranjujejo, pla\u010dila potekajo izklju\u010dno v sistemu izvajalca pla\u010dilnih storitev. Podatke, ki nam jih posredujete za namen vra\u010dila denarja v primeru prekinitve pogodbe, se obdelujejo le za ta namen.<\/p><p><u>Podatke o re\u0161evanju reklamacij<\/u>\u00a0obdelujemo za namene komunikacije v zvezi z re\u0161evanjem reklamacijskega zahtevka. Ko gre za re\u0161evanje naloga za servis blaga, lahko va\u0161e podatke po potrebi posredujemo poobla\u0161\u010denim distributerjem, ki izvajajo servis, in ponudnikom storitev informacijske tehnologije v okviru servisiranja in vzdr\u017eevanja programske opreme. Namen tega je, da vas lahko kontaktirajo za dodatna pojasnila v zvezi z nedelovanjem naprave ali stroja, programa.<\/p><p><u>Podatke iz prostovoljno izpolnjenih obrazcev s strani uporabnika<\/u>\u00a0(npr. v okviru nagradnih iger, v primeru prijave na dogodke) obdelujemo za namene organizacije konkretnega dogodka.<\/p><p><u>Podatke za lastne namene ogla\u0161evanja<\/u>\u00a0(npr. ime in priimek, e-naslov, naslov, telefonska \u0161tevilka) od kupcev svojih izdelkov ali storitev (ali uporabnikov na podlagi privolitve) lahko uporabimo za po\u0161iljanje oglasnih sporo\u010dil o izdelkih in storitvah iz na\u0161e ponudbe. Uporabnik lahko kadarkoli na brezpla\u010den in enostaven na\u010din zavrne tak\u0161no uporabo njegovega elektronskega naslova (jasna in vidna spletna povezava v besedilu elektronske po\u0161te).<\/p><p>Zgoraj omenjene podatke zbiramo s pomo\u010djo pi\u0161kotkov. Pi\u0161kotek (angl. cookie) je podatek o uporabniku, ki ga spletni brskalnik shrani na elektronski napravi za mo\u017enost nadaljnje uporabe. Gre za informacije, ki se ob obisku posamezne spletne strani shranijo na posameznikov ra\u010dunalnik in so ob ponovnem obisku iste strani uporabljene za prepoznavanje, sledenje in zbiranje specifi\u010dnih informacij o internetnih uporabnikih, kot so npr. preference do dolo\u010denih strani\/vsebin ali nakupovalne navade na spletu.<\/p><p>Pi\u0161kotki so torej zelo pomembni za zagotavljanje pozitivne izku\u0161nje obiskovalca spletne strani. Ve\u010d informacij o pi\u0161kotkih lahko najdete na\u00a0<a href=\"https:\/\/www.allaboutcookies.org\/\">https:\/\/www.allaboutcookies.org\/<\/a>.<\/p><p>Na spletnih straneh obstajajo naslednje vrste pi\u0161kotkov:<\/p><ul><li>Za\u010dasni ali sejni pi\u0161kotki:<ul><li>so shranjeni za \u010das trajanja seje brskanja in se bri\u0161ejo s potekom seje<\/li><li>so obvezni za pravilno delovanje dolo\u010denih aplikacij oz. funkcionalnosti na spletnih straneh<\/li><\/ul><\/li><li>Trajni ali shranjeni pi\u0161kotki:<ul><li>se uporabljajo za izbolj\u0161anje uporabni\u0161kih izku\u0161enj<\/li><li>ostanejo v datoteki pi\u0161kotkov dalj\u0161e obdobje (odvisno od izbire, ki jo uporabnik izvede v nastavitvah svojega internetnega brskalnika)<\/li><\/ul><\/li><li>Lastni pi\u0161kotki:<ul><li>so lahko trajni ali za\u010dasni. Te pi\u0161kotki se uporabljajo za shranjevanje informacij, ki jih bo spletna stran znova uporabila, ko uporabnik naslednji\u010d obi\u0161\u010de to mesto;<\/li><\/ul><\/li><li>Drugi pi\u0161kotki:<ul><li>izvirajo od drugih, partnerskih spletnih mest (ki na primer merijo promet). Gre za zbiranje podatkov o uporabnikih iz razli\u010dnih spletnih mest in jih uporabljajo za razli\u010dne namene, od ogla\u0161evanja, analitike pa do izbolj\u0161ave svojih produktov.<\/li><\/ul><\/li><\/ul><p><br \/>Obstaja tudi slede\u010da delitev pi\u0161kotkov:<\/p><ul><li>nujno potrebni pi\u0161kotki:<ul><li>omogo\u010dajo osnovne funkcije (navigacija po strani, dostop do varnih obmo\u010dij, zapomnitev uporabnikovih vnosov v spletne obrazce, nakupovalno ko\u0161arico)<\/li><li>se uporabljajo za prilagoditev nastavitev uporabnikovim \u017eeljam (na\u010din razvr\u0161\u010danja rezultatov\/vsebine)<\/li><li>tehni\u010dno brezhibno in nemoteno delovanje spletne strani je brez teh pi\u0161kotkov onemogo\u010deno<\/li><\/ul><\/li><li>pi\u0161kotki za statistiko:<ul><li>zbirajo podatke o tem, kako se spletna mesta uporabljajo. Namen je izbolj\u0161anje njihove privla\u010dnosti, vsebin in funkcionalnosti. Uporaba teh pi\u0161kotkov poteka samo z va\u0161o privolitvijo.<\/li><li>gre za Google Analytics &#8211; orodje za analizo spletnih strani (tekstovne datoteke se shranjujejo na obiskoval\u010devem ra\u010dunalniku in omogo\u010dajo analizo njegove uporabe spletne strani. Uporablja se za vrednotenje obiskoval\u010deve uporabe spletnega mesta, za sestavljanje poro\u010dil o aktivnostih na spletnih straneh in za nadaljnjo izvedbo storitev, povezanih z uporabo spletnih strani in interneta.<\/li><li>shranjevanje pi\u0161kotkov in evidentiranje podatkov, proizvedenih s pi\u0161kotki, in vezanih na uporabo spletnega mesta lahko uporabnik onemogo\u010di z ustreznimi nastavitvami svoje programske opreme brskalnika. V primeru izklopa lahko pride do tega, da obiskovalec ne bo mogel koristiti vseh funkcij tega spletnega mesta, u\u010dinkovitost spletne strani je lahko slab\u0161a. Svoje nastavitve lahko spremeni v brskalniku: https:\/\/adssettings.google.com\/.<\/li><\/ul><\/li><\/ul><p><br \/>Za namestitev pi\u0161kotkov je potrebno uporabnikovo soglasje. Kadar ima spletna stran z uporabnikom bolj opredeljen odnos (uporabni\u0161ki ra\u010dun, registracija, profil), je pridobivanje privolitve \u017ee vklju\u010dena v proces registracije uporabnika.<\/p><p>\u010ce ste registrirana stranka se upo\u0161tevanje zahtev za varstvo in pravilnost podatkov ter prenosljivost podatkov olaj\u0161a. S posredovanjem navedenih podatkov omogo\u010damo registriranim uporabnikom naslednje:<\/p><ul><li>Vpogled v arhiv nakupov<\/li><li>Naknadno spreminjanje naslova za prejem po\u0161iljke<\/li><li>Re\u0161evanje reklamacijskih zahtevkov<\/li><li>Menjavo blaga v okviru pogodbenih pravic<\/li><li>Unov\u010denje darilnih bonov<\/li><li>Unov\u010denje dobropisov zaradi vra\u010dila<\/li><li>Pla\u010dilo po ponudbi ter izdaja ra\u010duna na podjetje<\/li><li>Pla\u010dilo z odlogom<\/li><\/ul><p><br \/>Osebne podatke, ki jih obdelujemo na podlagi va\u0161e privolitve ali zakonitega interesa, hranimo trajno do preklica te privolitve z va\u0161e strani. Uporabnik lahko privolitev v obdelavo osebnih podatkov kadarkoli brezpla\u010dno prekli\u010de. Pri tem je potrebno upo\u0161tevati, da bo s tem pred vnovi\u010dnim nakupom morebiti potrebna ponovna navedba va\u0161ih podatkov. Pravica do preklica privolitve velja samo za obdelavo tistih osebnih podatkov, ki se obdelujejo na podlagi va\u0161e privolitve, ne pa tudi za obdelavo podatkov, ki se obdelujejo na podlagi drugih zakonitih podlag.<\/p><\/div><\/div><\/main><footer class=\"page-footer\"><div class=\"footer content\"><div class=\"block_newsletter_wrapper\"><div class=\"block newsletter newsletter-style--big \"><div class=\"block_newsletter_info\">\u00a0<\/div><\/div><\/div><\/div><\/footer>\t\t\t\t\t\t\t\t<\/div>\n\t\t\t\t\t<\/div>\n\t\t\t\t<\/div>\n\t\t\t\t<\/div>\n\t\t","protected":false},"excerpt":{"rendered":"<p>Informacije o varstvu osebnih podatkov Varstvo va\u0161ih osebnih podatkov je za nas izjemnega pomena, saj \u017eelimo, da se pri nas po\u010dutite varno. Va\u0161e podatke obdelujemo izklju\u010dno na podlagi zakonskih dolo\u010db (Splo\u0161na uredba o varstvu podatkov \u2013 Uredba (EU) 2016\/679, Zakon o spremembi zakona o varstvu podatkov 2018, Zakon o telekomunikacijah 2003). V nadaljevanju informacij o [&hellip;]<\/p>\n","protected":false},"author":1,"featured_media":0,"parent":0,"menu_order":0,"comment_status":"closed","ping_status":"closed","template":"","meta":{"_acf_changed":false,"inline_featured_image":false,"footnotes":""},"class_list":["post-24728","page","type-page","status-publish","hentry"],"acf":[],"_links":{"self":[{"href":"https:\/\/elastomeri2.click.si\/de\/wp-json\/wp\/v2\/pages\/24728","targetHints":{"allow":["GET"]}}],"collection":[{"href":"https:\/\/elastomeri2.click.si\/de\/wp-json\/wp\/v2\/pages"}],"about":[{"href":"https:\/\/elastomeri2.click.si\/de\/wp-json\/wp\/v2\/types\/page"}],"author":[{"embeddable":true,"href":"https:\/\/elastomeri2.click.si\/de\/wp-json\/wp\/v2\/users\/1"}],"replies":[{"embeddable":true,"href":"https:\/\/elastomeri2.click.si\/de\/wp-json\/wp\/v2\/comments?post=24728"}],"version-history":[{"count":0,"href":"https:\/\/elastomeri2.click.si\/de\/wp-json\/wp\/v2\/pages\/24728\/revisions"}],"wp:attachment":[{"href":"https:\/\/elastomeri2.click.si\/de\/wp-json\/wp\/v2\/media?parent=24728"}],"curies":[{"name":"wp","href":"https:\/\/api.w.org\/{rel}","templated":true}]}}