{"id":24720,"date":"2025-07-04T13:18:57","date_gmt":"2025-07-04T11:18:57","guid":{"rendered":"https:\/\/elastomeri.click.si\/pravno-obvestilo\/"},"modified":"2025-07-04T13:18:57","modified_gmt":"2025-07-04T11:18:57","slug":"pravno-obvestilo","status":"publish","type":"page","link":"https:\/\/elastomeri2.click.si\/de\/pravno-obvestilo\/","title":{"rendered":"Pravno obvestilo"},"content":{"rendered":"\t\t<div data-elementor-type=\"wp-page\" data-elementor-id=\"24720\" class=\"elementor elementor-24720 elementor-24006\" data-elementor-post-type=\"page\">\n\t\t\t\t<div class=\"elementor-element elementor-element-c335426 e-flex e-con-boxed e-con e-parent\" data-id=\"c335426\" data-element_type=\"container\">\n\t\t\t\t\t<div class=\"e-con-inner\">\n\t\t\t\t<div class=\"elementor-element elementor-element-f2916a6 elementor-widget elementor-widget-heading\" data-id=\"f2916a6\" data-element_type=\"widget\" data-widget_type=\"heading.default\">\n\t\t\t\t\t<h1 class=\"elementor-heading-title elementor-size-default\">Pravno obvestilo<\/h1>\t\t\t\t<\/div>\n\t\t\t\t<div class=\"elementor-element elementor-element-4589190 elementor-widget elementor-widget-text-editor\" data-id=\"4589190\" data-element_type=\"widget\" data-widget_type=\"text-editor.default\">\n\t\t\t\t\t\t\t\t\t<main id=\"content\" class=\"site-main post-650 page type-page status-publish hentry\" role=\"main\"><div class=\"page-content\"><div class=\"elementor elementor-650\" data-elementor-type=\"wp-page\" data-elementor-id=\"650\" data-elementor-post-type=\"page\"><section class=\"elementor-section elementor-top-section elementor-element elementor-element-41f9241d elementor-section-boxed elementor-section-height-default elementor-section-height-default\" data-id=\"41f9241d\" data-element_type=\"section\"><div class=\"elementor-container elementor-column-gap-default\"><div class=\"elementor-column elementor-col-100 elementor-top-column elementor-element elementor-element-51bd242\" data-id=\"51bd242\" data-element_type=\"column\"><div class=\"elementor-widget-wrap elementor-element-populated\"><div class=\"elementor-element elementor-element-fc921b4 elementor-widget elementor-widget-text-editor\" data-id=\"fc921b4\" data-element_type=\"widget\" data-widget_type=\"text-editor.default\"><div class=\"elementor-widget-container\"><p>Predmet tega obvestila so spletne strani na naslovu <span style=\"text-decoration: underline;\"><a href=\"https:\/\/elastomeri.si\">https:\/\/elastomeri.si<\/a><\/span>.<\/p><p>Vse vsebine na teh spletnih straneh so last podjetja ELASTOMERI d.o.o. (v nadaljevanju: ELASTOMERI) in je informativne narave.\u00a0<\/p><p>V podjetju ELASTOMERI smo na\u0161e spletno mesto oblikovali z namenom omogo\u010diti splo\u0161ne informacije o podjetju in novice s poslovnega sveta.<\/p><p>Vstop v katerokoli podro\u010dje spletnega mesta ELASTOMERI pomeni, da se strinjate z vsemi omejitvami in pogoji, navedenimi tukaj. \u010ce se z njimi ne strinjate, vas prosimo, da na te strani ne vstopate. Svetujemo vam, da obi\u0161\u010dete na\u0161o stran in ponovno pregledate veljavne pogoje uporabe, saj so ti pravno obvezujo\u010di.<\/p><p>Uradne, pravno-formalne informacije o podjetju ter o poslovanju podjetja se lahko razlikujejo od informacij na spletnem mestu podjetja.<\/p><p>\u00a0<\/p><h4><strong>Omejitev odgovornosti<\/strong><\/h4><p>ELASTOMERI se bo po najbolj\u0161ih mo\u010deh trudil zagotavljati najbolj to\u010dne in najnovej\u0161e podatke na svojih straneh, vendar uporabnike spletnih strani opozarja, da so besedila informativnega zna\u010daja, zato ne jam\u010di in ne prevzema nobene odgovornosti za njihovo to\u010dnost in celovitost strani. Vsi obiskovalci objavljeno vsebino uporabljajo na lastno odgovornost. ELASTOMERI si pridr\u017euje pravico, da kadarkoli, brez obvestila spremeni, dodaja ali odstrani vsebino teh spletnih strani.<\/p><p>Niti ELASTOMERI niti katerakoli druga pravna ali fizi\u010dna oseba, ki je sodelovala pri nastanku in izdelavi teh spletnih strani, ni odgovorna za ob\u010dasno nedelovanje strani, za morebitno neto\u010dnost informacij in tudi ne za morebitno \u0161kodo, nastalo zaradi uporabe neto\u010dnih ali nepopolnih informacij, zato ne odgovarja za nobeno \u0161kodo ali neprijetnosti, ki bi izhajale iz obstoja spletnih strani, iz dostopa do in\/ali uporabe in\/ali nezmo\u017enosti uporabe informacij na teh spletnih straneh in\/ali za kakr\u0161ne koli napake ali pomanjkljivosti v njihovi vsebini, ne glede na to, ali so bili obve\u0161\u010deni o mo\u017enosti take \u0161kode.<\/p><p>Na spletni strani ELASTOMERI obstajajo tudi povezave na druge spletne strani, reference, partnerji, ki niso v nikakr\u0161ni povezavi z ELASTOMERI. ELASTOMERI ne more jam\u010diti in tudi ne prejemati ali posredovati prito\u017eb glede to\u010dnosti vsebin katerekoli spletne strani, za katero nudi povezavo ali referenco in ne prevzema nobene odgovornosti za za\u0161\u010dito podatkov na teh spletnih straneh.<\/p><h4>\u00a0<\/h4><h4><strong>Avtorske pravice<\/strong><\/h4><p>Vse informacije in podobe, objavljene na spletnem mestu (besedila, fotografije, skice, zemljevidi in na\u010drti, ra\u010dunalni\u0161ki programi) so predmet avtorske za\u0161\u010dite po Zakonu o avtorski in sorodnih pravicah (Uradni list RS, \u0161t. 21\/1995 s spremembami). Uporabljajo se lahko izklju\u010dno za izobra\u017eevalne in nekomercialne namene, pri \u010demer se morajo ohraniti tudi vsa navedena opozorila o avtorski ali drugih pravicah in se ne smejo prepisovati, razmno\u017eevati ali kako druga\u010de raz\u0161irjati v komercialne namene. Na vsaki reprodukciji (kopiranje, reprodukcija, objava, prenos) mora biti kot vir naveden ELASTOMERI.<\/p><p>ELASTOMERI si pridr\u017euje pravico, da kadar koli in kakor koli, delno ali v celoti spremeni, dodaja ali odstrani vsebine, objavljene na tej spletni strani, ne glede na razlog ter brez predhodnega opozorila. Vsi uporabniki vso objavljeno vsebino uporabljajo na lastno odgovornost.<\/p><h4>\u00a0<\/h4><h4><strong>Varovanje zasebnosti<\/strong><\/h4><p>ELASTOMERI se zavezuje, da bo varoval zaupnost osebnih podatkov uporabnikov spletnega mesta. Zbrane podatke bomo uporabili izklju\u010dno za izbolj\u0161anje uporabe spletnega mesta in za namene, za katere jih bodo dali uporabniki spletnega mesta. Osebnih podatkov in kontaktnih informacij ne bomo uporabljali za druge namene ter jih ne bomo brez izrecnega dovoljenja uporabnika spletnega mesta razkrili tretjim strankam. Storili bomo vse, da va\u0161e osebne podatke za\u0161\u010ditimo pred kakr\u0161nimikoli kr\u0161itvami in zlorabami.<\/p><\/div><\/div><\/div><\/div><\/div><\/section><\/div><\/div><\/main>\t\t\t\t\t\t\t\t<\/div>\n\t\t\t\t\t<\/div>\n\t\t\t\t<\/div>\n\t\t\t\t<\/div>\n\t\t","protected":false},"excerpt":{"rendered":"<p>Pravno obvestilo Predmet tega obvestila so spletne strani na naslovu https:\/\/elastomeri.si. Vse vsebine na teh spletnih straneh so last podjetja ELASTOMERI d.o.o. (v nadaljevanju: ELASTOMERI) in je informativne narave.\u00a0 V podjetju ELASTOMERI smo na\u0161e spletno mesto oblikovali z namenom omogo\u010diti splo\u0161ne informacije o podjetju in novice s poslovnega sveta. Vstop v katerokoli podro\u010dje spletnega mesta [&hellip;]<\/p>\n","protected":false},"author":1,"featured_media":0,"parent":0,"menu_order":0,"comment_status":"closed","ping_status":"closed","template":"","meta":{"_acf_changed":false,"inline_featured_image":false,"footnotes":""},"class_list":["post-24720","page","type-page","status-publish","hentry"],"acf":[],"_links":{"self":[{"href":"https:\/\/elastomeri2.click.si\/de\/wp-json\/wp\/v2\/pages\/24720","targetHints":{"allow":["GET"]}}],"collection":[{"href":"https:\/\/elastomeri2.click.si\/de\/wp-json\/wp\/v2\/pages"}],"about":[{"href":"https:\/\/elastomeri2.click.si\/de\/wp-json\/wp\/v2\/types\/page"}],"author":[{"embeddable":true,"href":"https:\/\/elastomeri2.click.si\/de\/wp-json\/wp\/v2\/users\/1"}],"replies":[{"embeddable":true,"href":"https:\/\/elastomeri2.click.si\/de\/wp-json\/wp\/v2\/comments?post=24720"}],"version-history":[{"count":0,"href":"https:\/\/elastomeri2.click.si\/de\/wp-json\/wp\/v2\/pages\/24720\/revisions"}],"wp:attachment":[{"href":"https:\/\/elastomeri2.click.si\/de\/wp-json\/wp\/v2\/media?parent=24720"}],"curies":[{"name":"wp","href":"https:\/\/api.w.org\/{rel}","templated":true}]}}