{"id":24718,"date":"2025-07-04T13:19:43","date_gmt":"2025-07-04T11:19:43","guid":{"rendered":"https:\/\/elastomeri.click.si\/politika-zasebnosti\/"},"modified":"2025-07-04T13:19:43","modified_gmt":"2025-07-04T11:19:43","slug":"politika-zasebnosti","status":"publish","type":"page","link":"https:\/\/elastomeri2.click.si\/de\/politika-zasebnosti\/","title":{"rendered":"Politika zasebnosti"},"content":{"rendered":"\t\t<div data-elementor-type=\"wp-page\" data-elementor-id=\"24718\" class=\"elementor elementor-24718 elementor-24008\" data-elementor-post-type=\"page\">\n\t\t\t\t<div class=\"elementor-element elementor-element-cfa4b92 e-flex e-con-boxed e-con e-parent\" data-id=\"cfa4b92\" data-element_type=\"container\">\n\t\t\t\t\t<div class=\"e-con-inner\">\n\t\t\t\t<div class=\"elementor-element elementor-element-e17f157 elementor-widget elementor-widget-heading\" data-id=\"e17f157\" data-element_type=\"widget\" data-widget_type=\"heading.default\">\n\t\t\t\t\t<h1 class=\"elementor-heading-title elementor-size-default\">Politika zasebnosti<\/h1>\t\t\t\t<\/div>\n\t\t\t\t<div class=\"elementor-element elementor-element-98c6f15 elementor-widget elementor-widget-text-editor\" data-id=\"98c6f15\" data-element_type=\"widget\" data-widget_type=\"text-editor.default\">\n\t\t\t\t\t\t\t\t\t<h3>Izjava o obveznosti obve\u0161\u010danja<\/h3><p>Varstvo va\u0161ih osebnih podatkov je za nas zelo pomembno. Va\u0161e podatke obdelujemo izklju\u010dno na podlagi zakonskih dolo\u010db (Splo\u0161na uredba o varstvu podatkov \u2013 Uredba (EU) 2016\/679, Zakon o spremembi zakona o varstvu podatkov 2018, Zakon o telekomunikacijah 2003). V pri\u010dujo\u010dih informacijah o varstvu podatkov vas obve\u0161\u010damo o pomembnih vidikih obdelave podatkov v okviru na\u0161e spletne strani.<br \/><br \/><\/p><h3>Va\u0161i podatki<\/h3><p><strong>Zajemanje in obdelava va\u0161ih podatkov<\/strong><br \/>Obdelava osebnih podatkov, ki jih prostovoljno daste na razpolago na\u0161im slu\u017ebam in portalom, je potrebna, da lahko obdelujemo va\u0161a povpra\u0161evanja, naro\u010dila, pro\u0161nje itd., pripravljamo in sklepamo pogodbe ter vam po\u0161iljamo e-novice.<\/p><p><strong>Posredovanje podatkov<\/strong><br \/>Va\u0161e podatke znotraj\u00a0<em>Elastomeri d.o.o.<\/em>\u00a0posredujemo le, \u010de to slu\u017ei izpolnitvi va\u0161e zahteve ali va\u0161emu interesu. Varujemo zaupnost va\u0161ih podatkov in le-teh ne bomo prodali, dali v najem ali na voljo tretjim osebam.<\/p><p>Posredovanje dr\u017eavnim ustanovam in organom se izvede le v okviru obvezne nacionalne zakonodaje.<br \/><br \/><\/p><h3>E-novice<\/h3><p>Prek na\u0161e spletne strani se lahko naro\u010dite na na\u0161e e-novice (newsletter). Zato potrebujemo va\u0161e ime, e-naslov in va\u0161o izjavo, da se s prejemanjem e-novic strinjate.<br \/>Naro\u010danje e-novic lahko kadar koli prekli\u010dete. Odjavo od e-novic po\u0161ljete na naslednji naslov: <a href=\"mailto:info@elastomeri.si\"><span style=\"text-decoration: underline;\">info@elastomeri.si<\/span><\/a>. Nato bomo va\u0161e podatke v zvezi s po\u0161iljanjem e-novic nemudoma izbrisali.<br \/><br \/><\/p><h3>Va\u0161e pravice<\/h3><p>Na\u010deloma vam pripadajo pravice do informacije, popravka, izbrisa, omejitve, prenosa podatkov, preklica in ugovora. \u010ce menite, da je obdelava Va\u0161ih podatkov v nasprotju z zakonom o varstvu podatkov ali so bile sicer na kakr\u0161en koli na\u010din kr\u0161ene va\u0161e pravice s podro\u010dja varstva podatkov, se lahko prito\u017eite pri nadzornem organu.<\/p><p>Imate pravico, da od\u00a0<em>Elastomeri d.o.o.<\/em>\u00a0zahtevate informacije o osebnih podatkih, ki smo jih shranili o vas. Poleg tega imate pravico zahtevati, da se podatki popravijo, izbri\u0161ejo, da se njihova obdelava omeji ali ustavi in da se shranjeni podatki v primerni obliki posredujejo vam ali z va\u0161e strani imenovani tretji osebi.<\/p><p>\u010ce va\u0161e zahteve ni mogo\u010de obdelati oz. ne bo obdelana v roku enega meseca po prejetju, imate pravico podati prito\u017ebo pri nadzornemu organu. Pristojni nadzorni organ je Informacijski poobla\u0161\u010denec Republike Slovenije.<\/p><p>Svoje zahteve lahko po po\u0161ti ali po e-po\u0161ti po\u0161ljete na naslednje naslove:<\/p><p><em>Elastomeri d.o.o.<br \/><\/em><em>Be\u017eigrajska 4<br \/><\/em><em>3000 Celje<\/em><\/p><p>Prosimo, da navedete va\u0161e kontaktne podatke, ime spletne strani ali vsakokratne storitve ter podroben opis va\u0161e zahteve oz. \u017eelje glede varstva podatkov.<\/p><p>Prosimo za razumevanje, da zaradi va\u0161e varnosti pred poizvedovanjem ali zahtevki s strani nepoobla\u0161\u010denih tretjih oseb, podajamo informacije izklju\u010dno pisno na po\u0161tni naslov, ki je bil z va\u0161e strani naveden na zadevnih portalih.<\/p>\t\t\t\t\t\t\t\t<\/div>\n\t\t\t\t\t<\/div>\n\t\t\t\t<\/div>\n\t\t\t\t<\/div>\n\t\t","protected":false},"excerpt":{"rendered":"<p>Politika zasebnosti Izjava o obveznosti obve\u0161\u010danja Varstvo va\u0161ih osebnih podatkov je za nas zelo pomembno. Va\u0161e podatke obdelujemo izklju\u010dno na podlagi zakonskih dolo\u010db (Splo\u0161na uredba o varstvu podatkov \u2013 Uredba (EU) 2016\/679, Zakon o spremembi zakona o varstvu podatkov 2018, Zakon o telekomunikacijah 2003). V pri\u010dujo\u010dih informacijah o varstvu podatkov vas obve\u0161\u010damo o pomembnih vidikih [&hellip;]<\/p>\n","protected":false},"author":1,"featured_media":0,"parent":0,"menu_order":0,"comment_status":"closed","ping_status":"closed","template":"","meta":{"_acf_changed":false,"inline_featured_image":false,"footnotes":""},"class_list":["post-24718","page","type-page","status-publish","hentry"],"acf":[],"_links":{"self":[{"href":"https:\/\/elastomeri2.click.si\/de\/wp-json\/wp\/v2\/pages\/24718","targetHints":{"allow":["GET"]}}],"collection":[{"href":"https:\/\/elastomeri2.click.si\/de\/wp-json\/wp\/v2\/pages"}],"about":[{"href":"https:\/\/elastomeri2.click.si\/de\/wp-json\/wp\/v2\/types\/page"}],"author":[{"embeddable":true,"href":"https:\/\/elastomeri2.click.si\/de\/wp-json\/wp\/v2\/users\/1"}],"replies":[{"embeddable":true,"href":"https:\/\/elastomeri2.click.si\/de\/wp-json\/wp\/v2\/comments?post=24718"}],"version-history":[{"count":0,"href":"https:\/\/elastomeri2.click.si\/de\/wp-json\/wp\/v2\/pages\/24718\/revisions"}],"wp:attachment":[{"href":"https:\/\/elastomeri2.click.si\/de\/wp-json\/wp\/v2\/media?parent=24718"}],"curies":[{"name":"wp","href":"https:\/\/api.w.org\/{rel}","templated":true}]}}