{"id":24711,"date":"2025-07-03T11:07:07","date_gmt":"2025-07-03T09:07:07","guid":{"rendered":"https:\/\/elastomeri.click.si\/mein-konto\/"},"modified":"2025-09-11T15:28:42","modified_gmt":"2025-09-11T13:28:42","slug":"moj-racun","status":"publish","type":"page","link":"https:\/\/elastomeri2.click.si\/de\/moj-racun\/","title":{"rendered":"Moj ra\u010dun"},"content":{"rendered":"\t\t<div data-elementor-type=\"wp-page\" data-elementor-id=\"24711\" class=\"elementor elementor-24711 elementor-23510\" data-elementor-post-type=\"page\">\n\t\t\t\t<div class=\"elementor-element elementor-element-570de55 e-flex e-con-boxed e-con e-parent\" data-id=\"570de55\" data-element_type=\"container\">\n\t\t\t\t\t<div class=\"e-con-inner\">\n\t\t\t\t<div class=\"elementor-element elementor-element-77e4b25 elementor-widget elementor-widget-heading\" data-id=\"77e4b25\" data-element_type=\"widget\" data-widget_type=\"heading.default\">\n\t\t\t\t\t<h1 class=\"elementor-heading-title elementor-size-default\">Moj ra\u010dun<\/h1>\t\t\t\t<\/div>\n\t\t\t\t<div class=\"elementor-element elementor-element-380d0b3 e-my-account-tabs-vertical elementor-widget elementor-widget-woocommerce-my-account\" data-id=\"380d0b3\" data-element_type=\"widget\" data-widget_type=\"woocommerce-my-account.default\">\n\t\t\t\t\t<div class=\"e-my-account-tab e-my-account-tab__ \">\t\t\t<div class=\"woocommerce\"><\/div>\t\t<\/div>\n\t\t\t\t\t\t<\/div>\n\t\t\t\t\t<\/div>\n\t\t\t\t<\/div>\n\t\t\t\t<\/div>\n\t\t","protected":false},"excerpt":{"rendered":"<p>Moj ra\u010dun Nadzorna plo\u0161\u010da Naro\u010dila Prenosi Naslovi Podrobnosti ra\u010duna Odjava \u017divijo omnia8 (niste omnia8? Odjava) V va\u0161i nadzorni plo\u0161\u010di ra\u010duna si lahko ogledate nedavna naro\u010dila, upravljate va\u0161e pla\u010dni\u0161ke in dostavne naslove ter urejate va\u0161e geslo in podatke ra\u010duna.<\/p>\n","protected":false},"author":1,"featured_media":0,"parent":0,"menu_order":0,"comment_status":"closed","ping_status":"closed","template":"","meta":{"_acf_changed":false,"inline_featured_image":false,"footnotes":""},"class_list":["post-24711","page","type-page","status-publish","hentry"],"acf":[],"_links":{"self":[{"href":"https:\/\/elastomeri2.click.si\/de\/wp-json\/wp\/v2\/pages\/24711","targetHints":{"allow":["GET"]}}],"collection":[{"href":"https:\/\/elastomeri2.click.si\/de\/wp-json\/wp\/v2\/pages"}],"about":[{"href":"https:\/\/elastomeri2.click.si\/de\/wp-json\/wp\/v2\/types\/page"}],"author":[{"embeddable":true,"href":"https:\/\/elastomeri2.click.si\/de\/wp-json\/wp\/v2\/users\/1"}],"replies":[{"embeddable":true,"href":"https:\/\/elastomeri2.click.si\/de\/wp-json\/wp\/v2\/comments?post=24711"}],"version-history":[{"count":1,"href":"https:\/\/elastomeri2.click.si\/de\/wp-json\/wp\/v2\/pages\/24711\/revisions"}],"predecessor-version":[{"id":24734,"href":"https:\/\/elastomeri2.click.si\/de\/wp-json\/wp\/v2\/pages\/24711\/revisions\/24734"}],"wp:attachment":[{"href":"https:\/\/elastomeri2.click.si\/de\/wp-json\/wp\/v2\/media?parent=24711"}],"curies":[{"name":"wp","href":"https:\/\/api.w.org\/{rel}","templated":true}]}}